{"id":1349,"date":"2018-12-06T09:53:19","date_gmt":"2018-12-06T09:53:19","guid":{"rendered":"https:\/\/blogit.itu.dk\/inda\/?page_id=1349"},"modified":"2019-02-12T11:51:10","modified_gmt":"2019-02-12T11:51:10","slug":"virt-eu-co-creation-workshop-london-may-9-10-2018","status":"publish","type":"page","link":"https:\/\/blogit.itu.dk\/virteuproject\/virt-eu-co-creation-workshop-london-may-9-10-2018\/","title":{"rendered":"VIRT-EU IN THE NEWS"},"content":{"rendered":"<p><strong><a href=\"https:\/\/www.prosa.dk\/artikel\/internet-of-things-skal-goeres-etisk-forsvarligt\/\">Internet of Things skal g\u00f8res etisk forsvarligt<\/a><\/strong><\/p>\n<p><strong><a href=\"https:\/\/www.wired.com\/beyond-the-beyond\/2018\/08\/state-responsible-internet-things-2\/\">The State of the Responsible Internet of Things<\/a><\/strong><\/p>\n<p><strong><a href=\"https:\/\/www.theinternetofthings.eu\/it-university-copenhagen-ethos-lab-and-h2020-project-virt-eu-invite-you-join-us-explore-ethical\">THE IT UNIVERSITY OF COPENHAGEN, ETHOS LAB AND H2020 PROJECT VIRT-EU INVITE YOU TO JOIN US TO EXPLORE ETHICAL QUESTIONS ARISING IN THE WORLD OF IOT<\/a><\/strong><\/p>\n<p><strong><a href=\"https:\/\/www.version2.dk\/artikel\/forskere-vi-vil-finde-loesning-paa-problemet-med-saarbare-internet-of-things-teknologier\">Forskere: Vi vil finde en l\u00f8sning p\u00e5 problemet med s\u00e5rbare Internet of Things-teknologier<\/a><\/strong><\/p>\n<p><strong><a href=\"https:\/\/dataethics.eu\/en\/eu-project-will-make-ethics-actionable\/\">EU-project: We Will Make Ethics Actionable<\/a><\/strong><\/p>\n<p>&nbsp;<\/p>\n<p>&nbsp;<\/p>\n<p>&nbsp;<\/p>\n<p>&nbsp;<\/p>\n","protected":false},"excerpt":{"rendered":"<p>Internet of Things skal g\u00f8res etisk forsvarligt The State of the Responsible Internet of Things THE IT UNIVERSITY OF COPENHAGEN, ETHOS LAB AND H2020 PROJECT VIRT-EU INVITE YOU TO JOIN [&hellip;]<\/p>\n","protected":false},"author":211,"featured_media":0,"parent":0,"menu_order":0,"comment_status":"closed","ping_status":"closed","template":"","meta":{"ngg_post_thumbnail":0,"footnotes":""},"class_list":["post-1349","page","type-page","status-publish","hentry"],"jetpack_sharing_enabled":true,"_links":{"self":[{"href":"https:\/\/blogit.itu.dk\/virteuproject\/wp-json\/wp\/v2\/pages\/1349","targetHints":{"allow":["GET"]}}],"collection":[{"href":"https:\/\/blogit.itu.dk\/virteuproject\/wp-json\/wp\/v2\/pages"}],"about":[{"href":"https:\/\/blogit.itu.dk\/virteuproject\/wp-json\/wp\/v2\/types\/page"}],"author":[{"embeddable":true,"href":"https:\/\/blogit.itu.dk\/virteuproject\/wp-json\/wp\/v2\/users\/211"}],"replies":[{"embeddable":true,"href":"https:\/\/blogit.itu.dk\/virteuproject\/wp-json\/wp\/v2\/comments?post=1349"}],"version-history":[{"count":4,"href":"https:\/\/blogit.itu.dk\/virteuproject\/wp-json\/wp\/v2\/pages\/1349\/revisions"}],"predecessor-version":[{"id":1469,"href":"https:\/\/blogit.itu.dk\/virteuproject\/wp-json\/wp\/v2\/pages\/1349\/revisions\/1469"}],"wp:attachment":[{"href":"https:\/\/blogit.itu.dk\/virteuproject\/wp-json\/wp\/v2\/media?parent=1349"}],"curies":[{"name":"wp","href":"https:\/\/api.w.org\/{rel}","templated":true}]}}