{"id":893,"date":"2015-10-02T13:52:49","date_gmt":"2015-10-02T13:52:49","guid":{"rendered":"http:\/\/blogit.itu.dk\/real\/?page_id=893"},"modified":"2017-12-11T12:06:24","modified_gmt":"2017-12-11T12:06:24","slug":"pablo-gonzalez-de-prado-salas","status":"publish","type":"page","link":"https:\/\/blogit.itu.dk\/real\/people\/pablo-gonzalez-de-prado-salas\/","title":{"rendered":"Pablo Gonz\u00e1lez de Prado Salas"},"content":{"rendered":"<p style=\"text-align: left\"><a href=\"https:\/\/blogit.itu.dk\/real\/wp-content\/uploads\/sites\/11\/2015\/10\/pablo.jpg\"><img loading=\"lazy\" decoding=\"async\" class=\"  wp-image-895 alignleft\" src=\"https:\/\/blogit.itu.dk\/real\/wp-content\/uploads\/sites\/11\/2015\/10\/pablo-150x150.jpg\" alt=\"pablo\" width=\"197\" height=\"197\" \/><\/a><\/p>\n<p style=\"text-align: left\">I am a guest researcher at the IT University of Copenhagen. I have a Master\u2019s degree and a PhD in Biophysics from the Universidad Aut\u00f3noma de Madrid, where I also completed my five-year degree in Physics.<\/p>\n<p style=\"text-align: left\">Although my general training is that of a physicist, I am interested in biological problems, which I like to consider from the complex-systems perspective. I am currently interested in cognition and neural networks, and amazing field that goes all the way from philosophy to robotics.<\/p>\n<p>&nbsp;<\/p>\n<h5>Publications<\/h5>\n<p><strong>Modeling the interplay between protein and lipid aggregation in supported membranes\u00a0<\/strong>\u21d3<br \/>\nGonz\u00e1lez de Prado Salas P, Encinar M, Alonso \u00c1, V\u00e9lez M, and Tarazona P.<br \/>\n<strong>Invited paper<\/strong> in Chemistry and Physics of Lipids, special issue: <em>Membrane mechanochemistry: From the molecular to the cellular scale<\/em>. 2015, 185: 141\u2013152<\/p>\n<p><strong>Torsion and curvature of FtsZ filaments <\/strong>\u21d3 (\u21d3\u00a0supplementary)<br \/>\nGonz\u00e1lez de Prado Salas P, H\u00f6rger I, Mart\u00edn-Garc\u00eda F, Mendieta J, Alonso \u00c1, Encinar M, G\u00f3mez-Puertas P, V\u00e9lez M, and Tarazona P.<br \/>\nSoft Matter, 2014, 10 (12): 1977\u20131986<\/p>\n<p><strong>FtsZ protein on bilayer membranes: Effects of specific lateral bonds <\/strong>\u21d3<br \/>\nGonz\u00e1lez de Prado Salas P, Encinar M, V\u00e9lez M, and Tarazona P.<br \/>\nSoft Matter, 2013, 9 (26), 6072\u20136079<\/p>\n<p>Contact<\/p>\n<p><a href=\"mailto:pago@itu.dk\">pago@itu.dk<\/a><\/p>\n<p><a href=\"http:\/\/gonzalezdepradosalas.weebly.com\/\">http:\/\/gonzalezdepradosalas.weebly.com\/<\/a><\/p>\n","protected":false},"excerpt":{"rendered":"<p>I am a guest researcher at the IT University of Copenhagen. I have a Master\u2019s degree and a PhD in Biophysics from the Universidad Aut\u00f3noma de Madrid, where I also completed my five-year degree in Physics. Although my general training is that of a physicist, I am interested in biological problems, which I like to consider from the complex-systems perspective. I am currently interested in cognition and neural networks, and amazing field that goes all the way from philosophy to&hellip;<\/p>\n","protected":false},"author":41,"featured_media":0,"parent":861,"menu_order":12,"comment_status":"closed","ping_status":"closed","template":"","meta":{"ngg_post_thumbnail":0,"footnotes":""},"class_list":["post-893","page","type-page","status-publish","hentry"],"jetpack_sharing_enabled":true,"_links":{"self":[{"href":"https:\/\/blogit.itu.dk\/real\/wp-json\/wp\/v2\/pages\/893","targetHints":{"allow":["GET"]}}],"collection":[{"href":"https:\/\/blogit.itu.dk\/real\/wp-json\/wp\/v2\/pages"}],"about":[{"href":"https:\/\/blogit.itu.dk\/real\/wp-json\/wp\/v2\/types\/page"}],"author":[{"embeddable":true,"href":"https:\/\/blogit.itu.dk\/real\/wp-json\/wp\/v2\/users\/41"}],"replies":[{"embeddable":true,"href":"https:\/\/blogit.itu.dk\/real\/wp-json\/wp\/v2\/comments?post=893"}],"version-history":[{"count":13,"href":"https:\/\/blogit.itu.dk\/real\/wp-json\/wp\/v2\/pages\/893\/revisions"}],"predecessor-version":[{"id":1426,"href":"https:\/\/blogit.itu.dk\/real\/wp-json\/wp\/v2\/pages\/893\/revisions\/1426"}],"up":[{"embeddable":true,"href":"https:\/\/blogit.itu.dk\/real\/wp-json\/wp\/v2\/pages\/861"}],"wp:attachment":[{"href":"https:\/\/blogit.itu.dk\/real\/wp-json\/wp\/v2\/media?parent=893"}],"curies":[{"name":"wp","href":"https:\/\/api.w.org\/{rel}","templated":true}]}}