{"id":861,"date":"2015-10-02T11:59:47","date_gmt":"2015-10-02T11:59:47","guid":{"rendered":"http:\/\/blogit.itu.dk\/real\/?page_id=861"},"modified":"2020-05-01T19:08:03","modified_gmt":"2020-05-01T19:08:03","slug":"people","status":"publish","type":"page","link":"https:\/\/blogit.itu.dk\/real\/people\/","title":{"rendered":"PEOPLE"},"content":{"rendered":"<h3 class=\"widget-title\">Faculty<\/h3>\n<div id=\"attachment_202\" style=\"width: 177px\" class=\"wp-caption alignleft\"><a href=\"https:\/\/real.itu.dk\/people\/kasper-stoy\/\"><img loading=\"lazy\" decoding=\"async\" aria-describedby=\"caption-attachment-202\" class=\"wp-image-202 size-full\" src=\"https:\/\/blogit.itu.dk\/real\/wp-content\/uploads\/sites\/11\/2014\/10\/Kasper-8180-small-e1472222521977.jpg\" alt=\"Professor\" width=\"167\" height=\"223\"><\/a><p id=\"caption-attachment-202\" class=\"wp-caption-text\">Kasper St\u00f8y <br \/>Professor<\/p><\/div>\n<div id=\"attachment_294\" style=\"width: 177px\" class=\"wp-caption alignleft\"><a href=\"https:\/\/real.itu.dk\/people\/sebastian-risi\/\"><img loading=\"lazy\" decoding=\"async\" aria-describedby=\"caption-attachment-294\" class=\"wp-image-294 size-full\" src=\"https:\/\/blogit.itu.dk\/real\/wp-content\/uploads\/sites\/11\/2014\/10\/risi_pic_small-e1472221083729.jpg\" alt=\"Sebastian Risi Associate Professor\" width=\"167\" height=\"223\"><\/a><p id=\"caption-attachment-294\" class=\"wp-caption-text\">Sebastian Risi<br \/>Associate Professor<\/p><\/div>\n<div id=\"attachment_69\" style=\"width: 177px\" class=\"wp-caption alignleft\"><a href=\"https:\/\/real.itu.dk\/people\/afaina\/\"><img loading=\"lazy\" decoding=\"async\" aria-describedby=\"caption-attachment-69\" class=\"wp-image-69\" src=\"https:\/\/blogit.itu.dk\/real\/wp-content\/uploads\/sites\/11\/2014\/08\/ef31753d209e81c6ce_l_ae966-e1444038174777.jpg\" alt=\"Andr\u00e9s Fa\u00ed\u00f1a Postdoc\" width=\"167\" height=\"223\"><\/a><p id=\"caption-attachment-69\" class=\"wp-caption-text\">Andr\u00e9s Fa\u00ed\u00f1a<br \/>Assistant Professor<\/p><\/div>\n<div id=\"attachment_69\" style=\"width: 177px\" class=\"wp-caption alignleft\"><a href=\"https:\/\/real.itu.dk\/people\/henrique-debarba\/\"><img loading=\"lazy\" decoding=\"async\" aria-describedby=\"caption-attachment-69\" class=\"wp-image-69\" src=\"https:\/\/blogit.itu.dk\/real\/wp-content\/uploads\/sites\/11\/2019\/12\/Henrique_small.jpg\" alt=\"\" width=\"167\" height=\"223\"><\/a><p id=\"caption-attachment-69\" class=\"wp-caption-text\">Henrique Galvan Debarba<br \/>Assistant Professor<\/p><\/div>\n<hr>\n<h3 class=\"widget-title\">Postdocs<\/h3>\n<div id=\"attachment_1733\" style=\"width: 177px\" class=\"wp-caption alignleft\"><a href=\"https:\/\/real.itu.dk\/people\/djordje\/\" rel=\"attachment wp-att-1380\"><img loading=\"lazy\" decoding=\"async\" aria-describedby=\"caption-attachment-1733\" class=\"wp-image-1733 size-medium\" style=\"width: 167px;height: 223px\" src=\"https:\/\/blogit.itu.dk\/real\/wp-content\/uploads\/sites\/11\/2019\/12\/profile_photo-1-e1576247284179-225x300.jpg\" alt=\"\" width=\"167\" height=\"223\" srcset=\"https:\/\/blogit.itu.dk\/real\/wp-content\/uploads\/sites\/11\/2019\/12\/profile_photo-1-e1576247284179-225x300.jpg 225w, https:\/\/blogit.itu.dk\/real\/wp-content\/uploads\/sites\/11\/2019\/12\/profile_photo-1-e1576247284179-167x223.jpg 167w, https:\/\/blogit.itu.dk\/real\/wp-content\/uploads\/sites\/11\/2019\/12\/profile_photo-1-e1576247284179.jpg 524w\" sizes=\"auto, (max-width: 167px) 100vw, 167px\" \/><\/a><p id=\"caption-attachment-1733\" class=\"wp-caption-text\">Djordje Grbic <br \/>Postdoc<\/p><\/div>\n<div id=\"attachment_1733\" style=\"width: 177px\" class=\"wp-caption alignleft\"><a href=\"https:\/\/real.itu.dk\/people\/rasmus-berg-palm\/\" rel=\"attachment wp-att-1380\"><img loading=\"lazy\" decoding=\"async\" aria-describedby=\"caption-attachment-1733\" class=\"wp-image-1733 size-medium\" style=\"width: 167px;height: 223px\" src=\"https:\/\/blogit.itu.dk\/real\/wp-content\/uploads\/sites\/11\/2020\/01\/rasmus-e1588360037736.png\" alt=\"\" width=\"167\" height=\"223\"><\/a><p id=\"caption-attachment-1733\" class=\"wp-caption-text\">Rasmus Berg Palm <br \/>Postdoc<\/p><\/div>\n<hr>\n<h3>PhD Students<\/h3>\n<p><!--[team columns=\"3\" orderby=\"date\" order=\"asc\" url=\"0\" email=\"0\" twitter=\"0\" facebook=\"0\" linkedin=\"0\"]--><\/p>\n<div id=\"attachment_1380\" style=\"width: 177px\" class=\"wp-caption alignleft\"><a href=\"http:\/\/blogit.itu.dk\/real\/people\/david-kadish\/\" rel=\"attachment wp-att-124\"><img loading=\"lazy\" decoding=\"async\" aria-describedby=\"caption-attachment-1380\" class=\"wp-image-1380 size-full\" style=\"width: 167px;height: 223px\" src=\"https:\/\/blogit.itu.dk\/real\/wp-content\/uploads\/sites\/11\/2017\/01\/profile.jpg\" width=\"167\" height=\"223\"><\/a><p id=\"caption-attachment-1380\" class=\"wp-caption-text\">David Kadish <br \/>PhD Student<\/p><\/div>\n<div id=\"attachment_1380\" style=\"width: 177px\" class=\"wp-caption alignleft\"><a href=\"http:\/\/blogit.itu.dk\/real\/people\/rosemary-lee\/\" rel=\"attachment wp-att-1380\"><img loading=\"lazy\" decoding=\"async\" aria-describedby=\"caption-attachment-1380\" class=\"wp-image-1380 size-full\" style=\"width: 167px;height: 223px\" src=\"https:\/\/blogit.itu.dk\/real\/wp-content\/uploads\/sites\/11\/2017\/12\/rosl.jpg\" width=\"167\" height=\"223\"><\/a><p id=\"caption-attachment-1380\" class=\"wp-caption-text\">Rosemary Lee <br \/>PhD Student<\/p><\/div>\n<div id=\"attachment_1380\" style=\"width: 177px\" class=\"wp-caption alignleft\"><a href=\"https:\/\/blogit.itu.dk\/real\/?page_id=1665&amp;preview=true\" rel=\"attachment wp-att-1380\"><img loading=\"lazy\" decoding=\"async\" aria-describedby=\"caption-attachment-1380\" class=\"wp-image-1380 size-full\" style=\"width: 167px;height: 223px\" src=\"https:\/\/blogit.itu.dk\/real\/wp-content\/uploads\/sites\/11\/2019\/01\/IMG-1283-214x300.jpg\" width=\"167\" height=\"223\"><\/a><p id=\"caption-attachment-1380\" class=\"wp-caption-text\">Morten Roed Frederiksen <br \/>PhD Student<\/p><\/div>\n<div id=\"attachment_1708\" style=\"width: 176px\" class=\"wp-caption alignleft\"><a href=\"https:\/\/blogit.itu.dk\/real\/people\/miguel-gonzalez-duque\" rel=\"attachment wp-att-1380\"><img loading=\"lazy\" decoding=\"async\" aria-describedby=\"caption-attachment-1708\" class=\"wp-image-1708 size-full\" style=\"width: 167px;height: 223px\" src=\"https:\/\/blogit.itu.dk\/real\/wp-content\/uploads\/sites\/11\/2019\/12\/18121164_10155216571922829_5160468814216990969_o-e1576246357661.jpg\" alt=\"\" width=\"166\" height=\"233\"><\/a><p id=\"caption-attachment-1708\" class=\"wp-caption-text\">Miguel Gonz\u00e1lez Duque <br \/>PhD Student<\/p><\/div>\n<div id=\"attachment_1708\" style=\"width: 176px\" class=\"wp-caption alignleft\"><a href=\"http:\/\/blogit.itu.dk\/real\/people\/mathias-kristian-kyndlo-lowe\/\" rel=\"attachment wp-att-1380\"><img loading=\"lazy\" decoding=\"async\" aria-describedby=\"caption-attachment-1708\" class=\"wp-image-1708 size-full\" style=\"width: 167px;height: 223px\" src=\"https:\/\/blogit.itu.dk\/real\/wp-content\/uploads\/sites\/11\/2020\/01\/190918-MKKL-3-scaled-e1580218194101.jpg\" alt=\"\" width=\"166\" height=\"233\"><\/a><p id=\"caption-attachment-1708\" class=\"wp-caption-text\">Mathias Kristian Kyndlo L\u00f6we <br \/>PhD Student<\/p><\/div>\n<hr>\n<h3>Research Assistant<\/h3>\n<div id=\"attachment_1380\" style=\"width: 177px\" class=\"wp-caption alignleft\"><a href=\"https:\/\/blogit.itu.dk\/real\/people\/mathias-schmidt\" rel=\"attachment wp-att-1380\"><img loading=\"lazy\" decoding=\"async\" aria-describedby=\"caption-attachment-1380\" class=\"wp-image-1380 size-full\" style=\"width: 167px;height: 223px\" src=\"https:\/\/blogit.itu.dk\/real\/wp-content\/uploads\/sites\/11\/2019\/12\/37794305_10156717655509078_1571412118517841920_o-300x300.jpg\" width=\"167\" height=\"223\"><\/a><p id=\"caption-attachment-1380\" class=\"wp-caption-text\">Mathias Schmidt <br \/>Research Assistant<\/p><\/div>\n<div id=\"attachment_1380\" style=\"width: 177px\" class=\"wp-caption alignleft\"><a href=\"https:\/\/blogit.itu.dk\/real\/people\/elias-najarro\" rel=\"attachment wp-att-1380\"><img loading=\"lazy\" decoding=\"async\" aria-describedby=\"caption-attachment-1380\" class=\"wp-image-1380 size-full\" style=\"width: 167px;height: 223px\" src=\"https:\/\/blogit.itu.dk\/real\/wp-content\/uploads\/sites\/11\/2020\/04\/Elias_Najarro-scaled-e1588354662253.jpg\" width=\"167\" height=\"223\"><\/a><p id=\"caption-attachment-1380\" class=\"wp-caption-text\">Elias Najarro <br \/>Research Assistant<\/p><\/div>\n<hr>\n<h3>Guest Researchers<\/h3>\n<hr class=\"wp-image-1347 size-full\" width=\"167\">\n<h3>&nbsp;<a href=\"https:\/\/real.itu.dk\/people\/former-members\/\">Former members<\/a><\/h3>\n","protected":false},"excerpt":{"rendered":"<p>Faculty Postdocs PhD Students Research Assistant Guest Researchers &nbsp;Former members<\/p>\n","protected":false},"author":41,"featured_media":392,"parent":0,"menu_order":1,"comment_status":"closed","ping_status":"open","template":"","meta":{"ngg_post_thumbnail":0,"footnotes":""},"class_list":["post-861","page","type-page","status-publish","has-post-thumbnail","hentry","post-has-thumbnail"],"jetpack_sharing_enabled":true,"_links":{"self":[{"href":"https:\/\/blogit.itu.dk\/real\/wp-json\/wp\/v2\/pages\/861","targetHints":{"allow":["GET"]}}],"collection":[{"href":"https:\/\/blogit.itu.dk\/real\/wp-json\/wp\/v2\/pages"}],"about":[{"href":"https:\/\/blogit.itu.dk\/real\/wp-json\/wp\/v2\/types\/page"}],"author":[{"embeddable":true,"href":"https:\/\/blogit.itu.dk\/real\/wp-json\/wp\/v2\/users\/41"}],"replies":[{"embeddable":true,"href":"https:\/\/blogit.itu.dk\/real\/wp-json\/wp\/v2\/comments?post=861"}],"version-history":[{"count":165,"href":"https:\/\/blogit.itu.dk\/real\/wp-json\/wp\/v2\/pages\/861\/revisions"}],"predecessor-version":[{"id":1858,"href":"https:\/\/blogit.itu.dk\/real\/wp-json\/wp\/v2\/pages\/861\/revisions\/1858"}],"wp:featuredmedia":[{"embeddable":true,"href":"https:\/\/blogit.itu.dk\/real\/wp-json\/wp\/v2\/media\/392"}],"wp:attachment":[{"href":"https:\/\/blogit.itu.dk\/real\/wp-json\/wp\/v2\/media?parent=861"}],"curies":[{"name":"wp","href":"https:\/\/api.w.org\/{rel}","templated":true}]}}