{"id":32,"date":"2017-07-20T13:39:21","date_gmt":"2017-07-20T13:39:21","guid":{"rendered":"https:\/\/blogit.itu.dk\/mappingacolonyda\/?page_id=32"},"modified":"2017-11-04T13:17:38","modified_gmt":"2017-11-04T13:17:38","slug":"gallery","status":"publish","type":"page","link":"https:\/\/blogit.itu.dk\/mappingacolonyda\/gallery\/","title":{"rendered":"Billedgalleri"},"content":{"rendered":"<p id=\"photoGallery\">Billedgalleriet best\u00e5r af digitaliseret materiale fra Rigsarkivet, Nationalmuseet, Det Kgl. Bibliotek og af fotografisk dokumenteret materiale fra Library of Congress (USA), som kunstneren og forskeren Ren\u00e9e Ridgway har stillet til r\u00e5dighed. Ved at sidestille de to forskellige nationale vinkler p\u00e5 kulturarvssamlingerne h\u00e5ber vi p\u00e5 at kunne belyse forskelle og ligheder i de narrative tilgange til materialet.<\/p>\n","protected":false},"excerpt":{"rendered":"<p>Billedgalleriet best\u00e5r af digitaliseret materiale fra Rigsarkivet, Nationalmuseet, Det Kgl. Bibliotek og af fotografisk dokumenteret materiale fra Library of Congress (USA), som kunstneren og forskeren Ren\u00e9e Ridgway har stillet til r\u00e5dighed. Ved at sidestille de to forskellige nationale vinkler p\u00e5 kulturarvssamlingerne h\u00e5ber vi p\u00e5 at kunne belyse forskelle og ligheder i de narrative tilgange til [&hellip;]<\/p>\n","protected":false},"author":113,"featured_media":0,"parent":0,"menu_order":0,"comment_status":"closed","ping_status":"closed","template":"","meta":{"ngg_post_thumbnail":0,"footnotes":""},"class_list":["post-32","page","type-page","status-publish","hentry","post"],"_links":{"self":[{"href":"https:\/\/blogit.itu.dk\/mappingacolonyda\/wp-json\/wp\/v2\/pages\/32","targetHints":{"allow":["GET"]}}],"collection":[{"href":"https:\/\/blogit.itu.dk\/mappingacolonyda\/wp-json\/wp\/v2\/pages"}],"about":[{"href":"https:\/\/blogit.itu.dk\/mappingacolonyda\/wp-json\/wp\/v2\/types\/page"}],"author":[{"embeddable":true,"href":"https:\/\/blogit.itu.dk\/mappingacolonyda\/wp-json\/wp\/v2\/users\/113"}],"replies":[{"embeddable":true,"href":"https:\/\/blogit.itu.dk\/mappingacolonyda\/wp-json\/wp\/v2\/comments?post=32"}],"version-history":[{"count":7,"href":"https:\/\/blogit.itu.dk\/mappingacolonyda\/wp-json\/wp\/v2\/pages\/32\/revisions"}],"predecessor-version":[{"id":109,"href":"https:\/\/blogit.itu.dk\/mappingacolonyda\/wp-json\/wp\/v2\/pages\/32\/revisions\/109"}],"wp:attachment":[{"href":"https:\/\/blogit.itu.dk\/mappingacolonyda\/wp-json\/wp\/v2\/media?parent=32"}],"curies":[{"name":"wp","href":"https:\/\/api.w.org\/{rel}","templated":true}]}}