{"id":12,"date":"2017-06-22T14:58:22","date_gmt":"2017-06-22T14:58:22","guid":{"rendered":"https:\/\/blogit.itu.dk\/mappingacolonyda\/?page_id=12"},"modified":"2017-11-04T13:06:30","modified_gmt":"2017-11-04T13:06:30","slug":"front-page","status":"publish","type":"page","link":"https:\/\/blogit.itu.dk\/mappingacolonyda\/","title":{"rendered":"Kort"},"content":{"rendered":"<div id=\"pl-12\"  class=\"panel-layout\" ><div id=\"pg-12-0\"  class=\"panel-grid panel-no-style\" ><div id=\"pgc-12-0-0\"  class=\"panel-grid-cell\" ><div id=\"panel-12-0-0-0\" class=\"so-panel widget widget_sow-editor panel-first-child panel-last-child\" data-index=\"0\" ><div\n\t\t\t\n\t\t\tclass=\"so-widget-sow-editor so-widget-sow-editor-base\"\n\t\t\t\n\t\t><h3 class=\"widget-title\">At kortl\u00e6gge en koloni<\/h3>\n<div class=\"siteorigin-widget-tinymce textwidget\">\n\t<p>Dette projekt unders\u00f8ger den digitale kulturarv ved hj\u00e6lp af en hjemmeside-prototype, hvor vi afpr\u00f8ver forskellige muligheder for interaktion med, hvad vi kan kalde digitale koloniale fragmenter. Det er ogs\u00e5 et fors\u00f8g p\u00e5 en digital kortl\u00e6gning af steder, personer og fotografisk materiale, der relaterer sig til kolonitiden i b\u00e5de Danmark og det tidligere Dansk Vestindien (i dag De Amerikanske Jomfru\u00f8er). <\/p>\n<p>De <span id=\"numOfData\">&nbsp;&nbsp;<\/span> punkter p\u00e5 kortet skaber forbindelser og historietr\u00e5de, der r\u00e6kker tilbage i tiden til kolonistyret og helt frem til nutiden. Netop ved at skabe forbindelser mellem de historiske og vores aktuelle menneskelige, materielle og kulturelle betingelser, h\u00e5ber vi p\u00e5 at kunne tage del i og bidrage til en samtale om p\u00e5virkningen og de (u)synlige konsekvenser af den danske kolonitid, set fra flere perspektiver.<\/p>\n<p>G\u00e5 p\u00e5 opdagelse via kortet nedenfor ved at klikke p\u00e5 punkter i De Amerikanske Jomfru\u00f8er eller Danmark. Hvis kolonihistorien ikke st\u00e5r frisk i erindring, kan <a href=\"https:\/\/blogit.itu.dk\/mappingacolonyda\/narratives\/\">Fort\u00e6llingerne<\/a> bruges til at udforske kortet med. <\/p>\n<p><a href=\"https:\/\/blogit.itu.dk\/mappingacolonyda\/about\/\">L\u00e6s mere<\/a>.<\/p>\n<\/div>\n<\/div><\/div><\/div><div id=\"pgc-12-0-1\"  class=\"panel-grid-cell\" ><div id=\"panel-12-0-1-0\" class=\"so-panel widget widget_rss panel-first-child\" data-index=\"1\" ><h3 class=\"widget-title\"><a class=\"rsswidget rss-widget-feed\" href=\"https:\/\/blogit.itu.dk\/mappingacolonyen\"><img decoding=\"async\" class=\"rss-widget-icon\" style=\"border:0\" width=\"14\" height=\"14\" src=\"https:\/\/blogit.itu.dk\/mappingacolonyda\/wp-includes\/images\/rss.png\" alt=\"RSS\" loading=\"lazy\" \/><\/a> <a class=\"rsswidget rss-widget-title\" href=\"https:\/\/blogit.itu.dk\/mappingacolonyen\">Nye blogposts<\/a><\/h3><ul><li><a class='rsswidget' href='https:\/\/blogit.itu.dk\/mappingacolonyen\/2018\/02\/26\/treasury-of-weary-souls\/'>Treasury of Weary Souls<\/a><\/li><li><a class='rsswidget' href='https:\/\/blogit.itu.dk\/mappingacolonyen\/2018\/02\/25\/territorys-new-issue-alternate-earths\/'>Territory\u2019s new issue: Alternate Earths<\/a><\/li><li><a class='rsswidget' href='https:\/\/blogit.itu.dk\/mappingacolonyen\/2018\/02\/23\/raps-talk-the-price-of-life\/'>RAPS Talk | The Price of Life<\/a><\/li><li><a class='rsswidget' href='https:\/\/blogit.itu.dk\/mappingacolonyen\/2018\/02\/23\/relational-undercurrents-exhibition-in-la\/'>Relational Undercurrents \u2013 exhibition in LA<\/a><\/li><li><a class='rsswidget' href='https:\/\/blogit.itu.dk\/mappingacolonyen\/2018\/01\/20\/atlantic-freedoms\/'>Atlantic freedoms<\/a><\/li><\/ul><\/div><div id=\"panel-12-0-1-1\" class=\"so-panel widget widget_sow-editor panel-last-child\" data-index=\"2\" ><div\n\t\t\t\n\t\t\tclass=\"so-widget-sow-editor so-widget-sow-editor-base\"\n\t\t\t\n\t\t>\n<div class=\"siteorigin-widget-tinymce textwidget\">\n\t<div id=\"d3globalProjection\"><\/div>\n<\/div>\n<\/div><\/div><\/div><\/div><div id=\"pg-12-1\"  class=\"panel-grid panel-no-style\" ><div id=\"pgc-12-1-0\"  class=\"panel-grid-cell\" ><div id=\"panel-12-1-0-0\" class=\"so-panel widget widget_sow-editor panel-first-child panel-last-child\" data-index=\"3\" ><div\n\t\t\t\n\t\t\tclass=\"so-widget-sow-editor so-widget-sow-editor-base\"\n\t\t\t\n\t\t><h3 class=\"widget-title\">De Amerikanske Jomfru\u00f8er<\/h3>\n<div class=\"siteorigin-widget-tinymce textwidget\">\n\t<div id=\"vi\" class=\"markerMap\"><\/div>\n<\/div>\n<\/div><\/div><\/div><div id=\"pgc-12-1-1\"  class=\"panel-grid-cell\" ><div id=\"panel-12-1-1-0\" class=\"so-panel widget widget_sow-editor panel-first-child panel-last-child\" data-index=\"4\" ><div\n\t\t\t\n\t\t\tclass=\"so-widget-sow-editor so-widget-sow-editor-base\"\n\t\t\t\n\t\t><h3 class=\"widget-title\">Danmark<\/h3>\n<div class=\"siteorigin-widget-tinymce textwidget\">\n\t<div id=\"cph\" class=\"markerMap\"><\/div>\n<\/div>\n<\/div><\/div><\/div><\/div><\/div>","protected":false},"excerpt":{"rendered":"<p>Dette projekt unders\u00f8ger den digitale kulturarv ved hj\u00e6lp af en hjemmeside-prototype, hvor vi afpr\u00f8ver forskellige muligheder for interaktion med, hvad vi kan kalde digitale koloniale fragmenter. Det er ogs\u00e5 et fors\u00f8g p\u00e5 en digital kortl\u00e6gning af steder, personer og fotografisk materiale, der relaterer sig til kolonitiden i b\u00e5de Danmark og det tidligere Dansk Vestindien (i [&hellip;]<\/p>\n","protected":false},"author":113,"featured_media":0,"parent":0,"menu_order":0,"comment_status":"closed","ping_status":"closed","template":"","meta":{"ngg_post_thumbnail":0,"footnotes":""},"class_list":["post-12","page","type-page","status-publish","hentry","post"],"_links":{"self":[{"href":"https:\/\/blogit.itu.dk\/mappingacolonyda\/wp-json\/wp\/v2\/pages\/12","targetHints":{"allow":["GET"]}}],"collection":[{"href":"https:\/\/blogit.itu.dk\/mappingacolonyda\/wp-json\/wp\/v2\/pages"}],"about":[{"href":"https:\/\/blogit.itu.dk\/mappingacolonyda\/wp-json\/wp\/v2\/types\/page"}],"author":[{"embeddable":true,"href":"https:\/\/blogit.itu.dk\/mappingacolonyda\/wp-json\/wp\/v2\/users\/113"}],"replies":[{"embeddable":true,"href":"https:\/\/blogit.itu.dk\/mappingacolonyda\/wp-json\/wp\/v2\/comments?post=12"}],"version-history":[{"count":12,"href":"https:\/\/blogit.itu.dk\/mappingacolonyda\/wp-json\/wp\/v2\/pages\/12\/revisions"}],"predecessor-version":[{"id":101,"href":"https:\/\/blogit.itu.dk\/mappingacolonyda\/wp-json\/wp\/v2\/pages\/12\/revisions\/101"}],"wp:attachment":[{"href":"https:\/\/blogit.itu.dk\/mappingacolonyda\/wp-json\/wp\/v2\/media?parent=12"}],"curies":[{"name":"wp","href":"https:\/\/api.w.org\/{rel}","templated":true}]}}