{"id":29,"date":"2015-05-16T16:16:25","date_gmt":"2015-05-16T16:16:25","guid":{"rendered":"http:\/\/blogit.itu.dk\/evoblissproject\/?page_id=29"},"modified":"2018-03-22T14:22:19","modified_gmt":"2018-03-22T14:22:19","slug":"publications","status":"publish","type":"page","link":"https:\/\/blogit.itu.dk\/evoblissproject\/publications\/","title":{"rendered":"Publications"},"content":{"rendered":"<div class=\"gs_citr\">\n<div class=\"gs_citr\">\n<h3>Journal papers<\/h3>\n<p>Mari Yoshida, Trevor Hinkley, Soichiro Tsuda, Yousef M. Abul-Haija, Roy T. McBurney, Vladislav Kulikov, Jennifer S. Mathieson, Sabrina Gali\u00f1anes Reyes, Maria D. Castro, <strong>Leroy Cronin<\/strong> (2018) <a href=\"https:\/\/blogit.itu.dk\/evoblissproject\/wp-content\/uploads\/sites\/19\/2018\/03\/yoshida_2018_preprint_Using-Evolutionary-Algorithms-and-Machine-Learning-to-Explore-Sequence-Space-for-the-Discovery-of-Antimicrobial-Peptides_.pdf\">Using Evolutionary Algorithms and Machine Learning to Explore Sequence Space for the Discovery of Antimicrobial Peptides<\/a>, v<span class=\"size-m\">ol. 4, issue 3, pp. 533-543, <a href=\"https:\/\/doi.org\/10.1016\/j.chempr.2018.01.005\">doi:10.1016\/j.chempr.2018.01.005<\/a>.<\/span><\/p>\n<p><strong>Laurie J. Points<\/strong>, James Ward Taylor, <strong>Jonathan Grizou<\/strong>, Kevin Donkers, and <strong>Leroy Cronin<\/strong> (2018) <a href=\"https:\/\/blogit.itu.dk\/evoblissproject\/wp-content\/uploads\/sites\/19\/2018\/03\/points_2018_preprint_Artificial-intelligence-exploration-of-unstable-protocells-leads-to-predictable-properties-and-discovery-of-collective-behavior.pdf\">Artificial intelligence exploration of unstable protocells leads to predictable properties and discovery of collective behavior<\/a>, PNAS <span class=\"highwire-cite-metadata-volume highwire-cite-metadata\">115 <\/span><span class=\"highwire-cite-metadata-issue highwire-cite-metadata\">(5), pp. <\/span><span class=\"highwire-cite-metadata-pages highwire-cite-metadata\">885-890, <a href=\"http:\/\/doi.org\/10.1073\/pnas.1711089115\">doi:10.1073\/pnas.1711089115<\/a>.<\/span><\/p>\n<p><strong>Nejatimoharrami, F., Faina, A., &amp; Stoy, K.<\/strong> (2017). <a href=\"https:\/\/www.ncbi.nlm.nih.gov\/pubmed\/28378607\">New Capabilities of EvoBot: A Modular, Open-Source Liquid-Handling Robot. <\/a>SLAS TECHNOLOGY: Translating Life Sciences Innovation, 22(5):500-506.&nbsp;<\/p>\n<p><strong>Ieropoulos, I., Theodosiou, P., Taylor, B.,<\/strong> Greenman, J., &amp; Melhuish, C. (2017) <a href=\"https:\/\/www.sciencedirect.com\/science\/article\/pii\/S0360319916333729?via%3Dihub\">Gelatin as a promising printable feedstock for microbial fuel cells (MFC)<\/a>. <em>International Journal of Hydrogen Energy<\/em>, 42(3), 1783\u20131790 <em><u><a href=\"http:\/\/doi.org\/10.1016\/j.ijhydene.2016.11.083\">http:\/\/doi.org\/10.1016\/j.ijhydene.2016.11.083<\/a><\/u><\/em><\/p>\n<p><strong>Wagner M. and Horn H.<\/strong> (2017) <a href=\"https:\/\/blogit.itu.dk\/evoblissproject\/wp-content\/uploads\/sites\/19\/2018\/03\/Wagner_2017_post-print.pdf\">Optical Coherence Tomography in Biofilm Research: A Comprehensive Review<\/a>, <em>Biotechnology and Bioengineering<\/em>, vol. 114, issue 7, pp. 1386-1402., <a href=\"https:\/\/doi.org\/10.1002\/bit.26283\">doi: 10.1002\/bit.26283<\/a><\/p>\n<p><strong>Juan Manuel Parrilla-Gutierrez<\/strong>, Soichiro Tsuda, Jonathan Grizou, James Taylor, <strong>Alon Henson <\/strong>&amp; <strong>Leroy Cronin<\/strong> (2017) <a href=\"http:\/\/doi.org\/10.1038\/s41467-017-01161-8\">Adaptive artificial evolution of droplet protocells in a 3D-printed fluidic chemorobotic platform with configurable environments<\/a>, <em>Nature Communications<\/em> 8, article number 1144.<\/p>\n<p>Taylor, J. W, Eghtesadi, S. A., Points, L. J., Liu, T., <strong>Cronin, L.<\/strong> (2017) <a href=\"http:\/\/doi.org\/10.1038\/s41467-017-00177-4\">Autonomous model protocell division driven by molecular replication<\/a>, Nature Communications 8, article&nbsp;number 237.<\/p>\n<p>Stuart M. Marshall, Alastair R. G. Murray, <strong>Leroy Cronin<\/strong> (2017)<a href=\"http:\/\/doi.org\/10.1098\/rsta.2016.0342\"> A probabilistic framework for identifying biosignatures using Pathway Complexity<\/a>, Philosophical transaction of the Royal Society, vol. 375, issue 2109.<\/p>\n<p>David Doran, Marc Rodriguez-Garcia, Rebecca Turk-MacLeod, Geoffrey J. T. Cooper and <strong>Leroy Cronin<\/strong> (2017) <a href=\"http:\/\/doi.org\/10.3762\/bjoc.13.164\">A recursive microfluidic platform to explore the emergence of chemical evolution<\/a>, Beilstein J. Organic Chemistry, 7, pp. 1702-1709.<\/p>\n<p>&nbsp;Vasilios Duros, <strong>Jonathan Grizou<\/strong>, Weimin Xuan Zied Hosni, De\u2010Liang Long, Haralampos N. Miras, <strong>Leroy Cronin<\/strong> (2017) <a href=\"https:\/\/doi.org\/10.1002\/anie.201705721\">Human versus Robots in the Discovery and Crystallization of Gigantic Polyoxometalates<\/a>, Angewandte Chemie, vol. 56, issue 36, pp. 10815-10820.<\/p>\n<p>Mari Yoshida, Sabrina Gali\u00f1anes Reyes, Soichiro Tsuda, Takaaki Horinouchi, Chikara Furusawa, and <strong>Leroy Cronin<\/strong>&nbsp;(2017) <a href=\"http:\/\/doi.org\/10.1038\/ncomms15589\">Time-programmable drug dosing allows the manipulation, suppression and reversal of antibiotic drug resistance in vitro<\/a>, Nature Communications 8, article&nbsp; number15589.<\/p>\n<p>Salar-Garc\u00eda, M. J., Gajda, I., Ortiz-Mart\u00ednez, V. M., Greenman, J., <strong>Hanczyc, M. M.<\/strong>, de los R\u00edos, A. P., &amp; <strong>Ieropoulos, I. A<\/strong>. (2016) <a href=\"http:\/\/doi.org\/10.1016\/j.biortech.2016.02.083\">Microalgae as substrate in low cost terracotta-based microbial fuel cells: novel application of the catholyte produced<\/a>. <em>Bioresource Technology, 2019, pp.<span class=\"size-m\">380-385<\/span>.<br \/>\n<\/em><\/p>\n<p style=\"text-align: justify\"><strong>Cejkova J.<\/strong>, Stepanek F.,<strong> Hanczyc M.M.<\/strong> (2016) . <a href=\"http:\/\/pubs.acs.org\/doi\/abs\/10.1021\/acs.langmuir.6b01062\">Evaporation-induced pattern formation of decanol droplets. Langmuir, DOI: 10.1021\/acs.langmuir.6b01062<\/a><\/p>\n<p>Victor Sans and <strong>Leroy Cronin<\/strong> (2016) <a href=\"http:\/\/doi.org\/10.1039\/C5CS00793C\">Towards dial-a-molecule by integrating continuous flow, analytics and self-optimisation<\/a>, <em>Chemical Society Reviews<\/em>.<\/p>\n<p style=\"text-align: justify\">Tsuda S., Jaffery H., Doran D., Hezwani M., Robbins P. J., Yoshida M., <strong>Cronin L.<\/strong> (2015). <a href=\"http:\/\/journals.plos.org\/plosone\/article?id=10.1371\/journal.pone.0141640\">Customizable 3D Printed \u2018Plug and Play\u2019Millifluidic Devices for Programmable Fluidics. <i>PloS one<\/i>, <i>10<\/i>(11), e0141640.<\/a><\/p>\n<p style=\"text-align: justify\"><strong>Henson A.<\/strong>, Parrilla Gutierrez J. M., Hinkley T., Tsuda S., <strong>Cronin L.<\/strong> (2015). <a href=\"http:\/\/rsta.royalsocietypublishing.org\/content\/373\/2046\/20140221\"><em>Towards heterotic computing with droplets in a fully automated droplet-maker platform,<\/em> Philosophical Transactions of the Royal Society A: Mathematical, Physical and Engineering Sciences 373(2046), 20140221.<\/a><\/p>\n<p style=\"text-align: justify\"><strong>Blauert F., Horn H., Wagner M.<\/strong> (2015). <em><a href=\"https:\/\/blogit.itu.dk\/evoblissproject\/wp-content\/uploads\/sites\/19\/2018\/03\/Blauert_2015_post-print.pdf\">Time-resolved Biofilm Deformation Measurements using Optical Coherence Tomography<\/a>, <\/em>Biotechnology and Bioengineering <span style=\"font-size: small\">112 (9), pp. 1893-1905, <a href=\"http:\/\/onlinelibrary.wiley.com\/doi\/10.1002\/bit.25590\/abstract\">doi: 10.1002\/bit.25590\/abstract<\/a><\/span>.<\/p>\n<p style=\"text-align: justify\"><strong>Hanczyc M. M.<\/strong>, Parrilla J. M., Nicholson A., Yanev K., <strong>Stoy K.<\/strong> (2015). <a href=\"http:\/\/www.mitpressjournals.org\/doi\/abs\/10.1162\/ARTL_a_00151#.VW3TbpNK48U\"><em>Creating and maintaining chemical artificial life by robotic symbiosis<\/em>. &nbsp;Artificial Life 21, 47-57.<\/a><\/p>\n<p style=\"text-align: justify\">Gutierrez J. M. P., Hinkley T., Taylor J. W., Yanev K., <strong>Cronin L.<\/strong> (2014). <a href=\"http:\/\/www.nature.com\/ncomms\/2014\/141208\/ncomms6571\/full\/ncomms6571.html\"><em>Evolution of oil droplets in a chemorobotic platform.<\/em> Nature communications, 5, 5571.<\/a><\/p>\n<p style=\"text-align: justify\"><strong>Hanczyc M.M.<\/strong> (2014).<a href=\"http:\/\/www.mdpi.com\/2075-1729\/4\/4\/1038\"> <em>Droplets: Unconventional Protocell Model with Life-Like Dynamics and Room to Grow.&nbsp;<\/em> Life <em>4<\/em>, 1038-1049.<\/a><\/p>\n<p style=\"text-align: justify\"><strong>Cejkova J.<\/strong>, Novak M., Stepanek F., <strong>Hanczyc M.<\/strong> (2014). <a href=\"http:\/\/pubs.acs.org\/doi\/abs\/10.1021\/la502624f\"><em>Dynamics of chemotactic droplets in salt concentration gradients<\/em>, Langmuir 30, 11937\u201311944<\/a><\/p>\n<\/div>\n<\/div>\n<h3 style=\"text-align: justify\">Conference papers<\/h3>\n<p><strong>Farzad Nejatimoharrami, Andres Faina, Kasper Stoy<\/strong> (2018) <a href=\"https:\/\/blogit.itu.dk\/evoblissproject\/wp-content\/uploads\/sites\/19\/2018\/03\/nejatimoharrami_2018_A-Low-Cost_Open-Source_Cloud-based_Liquid_Handling_Robotic_Platform_for_Performing_Remote_Real-Time_Collaborate_Experiments.pdf\">A Low-Cost Open-Source Cloud-based Liquid Handling Robotic Platform for Performing Remote Real-Time Collaborative Experiments<\/a>, Seventh Annual International SLAS (Society for Laboratory Automation and Screening) Conference (SLAS 2018), San Diego. USA.<\/p>\n<p><strong>Nejatimoharrami, F., Faina, A., &amp; St\u00f8y, K.<\/strong> (2017). <a href=\"https:\/\/blogit.itu.dk\/evoblissproject\/wp-content\/uploads\/sites\/19\/2018\/03\/nejatimoharrami2017A_Low_Cost_Standalone_Open-Source_Robotic_Platform_for_Performing_Feedback_based_Liquid.pdf\">A Low Cost Standalone Open-Source Robotic Platform for Performing Feedback based Liquid Handling Experiments<\/a>. In 2017 Society for Lab Automation and Screening International Conference &amp; Exhibition.<\/p>\n<p><strong>Nejatimoharrami, F., Faina, A.<\/strong>, Jovanovic, A., St-Cyr, O., Chignell, M., &amp; <strong>Stoy, K.<\/strong> (2017). <a href=\"https:\/\/blogit.itu.dk\/evoblissproject\/wp-content\/uploads\/sites\/19\/2018\/03\/farzad_2017_ui.pdf\">UI Design for an Engineering Process: Programming Experiments on a Liquid Handling Robot<\/a>. In Robotic Computing (IRC), IEEE International Conference on (pp. 196-203). IEEE.<\/p>\n<p><strong>Theodosiou P.<\/strong>, Greenman J., Melhuish, C., <strong>Ieropoulos, I.<\/strong> (2017)<em>. <a href=\"http:\/\/www.europeanfuelcell.it\/images\/proceedings_EFC17.pdf\">Towards monolithically printed MFCs: A report on the development of a 3D-printable membrane electrode assembly (MEA)<\/a>,<\/em> <em>European Fuel Cell Technology &amp; Applications Conference \u2013 Piero Lunghi Conference, December 12-15, 2017, Naples, Italy.<\/em><em> pp. 279-280.<\/em><\/p>\n<p><strong>Theodosiou, P., Faina, A., Nejatimoharrami, F., Stoy, K<\/strong>., Greenman, J., Melhuish, C., &amp;<strong> Ieropoulos, I.<\/strong> (2017). <a href=\"http:\/\/doi.org\/10.1007\/978-3-319-63537-8_38\">EvoBot: Towards a Robot-Chemostat for Culturing and Maintaining Microbial Fuel Cells (MFCs).<\/a> In M. Mangan, M. Cutkosky, A. Mura, P. F. M. J. Verschure, T. Prescott, &amp; N. Lepora (Eds.), Biomimetic and Biohybrid Systems: 6th International Conference, Living Machines 2017, Stanford, CA, USA, July 26&#8211;28, 2017, Proceedings (pp. 453\u2013464). Cham: Springer International Publishing.<\/p>\n<p><strong>Laurie J. Points, Juan Manuel Parrilla Gutierrez, Jonathan Grizou,<\/strong> James Ward Taylor, and <strong>Leroy Cronin<\/strong> (2017) <a href=\"http:\/\/doi.org\/10.7551\/ecal_a_059\">The Evolution of Active Droplets in Chemorobotic Platforms<\/a>, Proceedings of the ECAL 2017, pp. 356-357.<\/p>\n<p style=\"text-align: justify\"><strong>Nejatimoharrami F., Faina A., Cejkova J., Hanczyc M.M., Stoy K.<\/strong> (2016) <a href=\"https:\/\/mitpress.mit.edu\/sites\/default\/files\/titles\/free_download\/9780262339360_ALIFE_2016.pdf\">Robotic Automation to Augment Quality of Artificial Chemical Life Experiments,<\/a> <em>The Fifteenth International Conference on the Synthesis and Simulation of Living Systems (ALIFE XV) &#8211; Cancun, Mexico 4.-8.7.2016, pp. &nbsp;634-635.<br \/>\n<\/em><\/p>\n<p style=\"text-align: justify\"><strong>Fai\u00f1a A., Nejatimoharrami F., Stoy K., Theodosiou P., Taylor B., Ieropoulos I.<\/strong> (2016) <a href=\"https:\/\/mitpress.mit.edu\/sites\/default\/files\/titles\/free_download\/9780262339360_ALIFE_2016.pdf\">EvoBot: An Open-Source, Modular Liquid Handling Robot for Nurturing Microbial Fuel Cells<\/a>, <em>The Fifteenth International Conference on the Synthesis and Simulation of Living Systems (ALIFE XV) &#8211; Cancun, Mexico 4.-8.7.2016, pp. &nbsp;626-633.<br \/>\n<\/em><\/p>\n<p style=\"text-align: justify\"><strong>Cejkova J.<\/strong>, Svara D., Stepanek F., <strong>Hanczyc M.<\/strong> (2016). <a href=\"https:\/\/blogit.itu.dk\/evoblissproject\/wp-content\/uploads\/sites\/19\/2018\/03\/SSCHE-Cejkova-fulltext.pdf\">Novel type of pattern formation in droplet systems<\/a>, <em>43<sup>rd<\/sup> International Conference of SSCHE, Tatranske Matliare, Slovakia 23.-27.5.2016<\/em><\/p>\n<p style=\"text-align: justify\">Janska P., Zadrazil A.,<strong> Nejatimoharrami F.,&nbsp; Fai\u00f1a A., Stoy K., Cejkova J.<\/strong>&nbsp; (2016). <a href=\"https:\/\/blogit.itu.dk\/evoblissproject\/wp-content\/uploads\/sites\/19\/2018\/03\/janska_2016_Collective_behaviour_in_droplet_systems.pdf\">Collective behaviour in droplet systems<\/a>, <em>43<sup>rd<\/sup> International Conference of SSCHE, Tatranske Matliare, Slovakia 23.-27.5.2016<\/em><\/p>\n<p style=\"text-align: justify\"><strong>Nejatimoharrami F.,&nbsp; Stoy K., Fai\u00f1a A.<\/strong> (2016) <a href=\"https:\/\/blogit.itu.dk\/evoblissproject\/wp-content\/uploads\/sites\/19\/2018\/03\/nejatimoharrami2016An_Open-Source_Low-Cost_Robot_for_Performing_Reactive_Liquid_Handling_Experiments.pdf\">An Open-Source, Low-Cost Robot for Performing Reactive Liquid Handling Experiments<\/a>, <em>International conference and exhibition of The Society for Laboratory Automation and Screening (SLAS2016), San Diego, 2016.<\/em><\/p>\n<p><strong>Blauert F.<\/strong>, Pavissich <strong>J.P., Wagner M., Horn H.<\/strong>, Picioreanu C. (2016) <a href=\"https:\/\/blogit.itu.dk\/evoblissproject\/wp-content\/uploads\/sites\/19\/2018\/03\/blauert_2016_evaluation.pdf\">Evaluation of biofilm mechanical properties using optical coherence tomography (OCT) and fluid-structure interaction simulations<\/a>, <em>Proceedings of Biofilms 7th Conference<\/em>, ISBN 978-989-97478-7-6.<\/p>\n<p style=\"text-align: justify\"><strong>Theodosiou P., Ieropoulos I., Taylor B.<\/strong>, Greenman J., Melhuish C. (2015). <a href=\"https:\/\/blogit.itu.dk\/evoblissproject\/wp-content\/uploads\/sites\/19\/2016\/03\/EFC-Proceedings-Pavlina.pdf\" rel=\"\">Gelatin as a promising printable nutrient feedstock for mirobial fuel cells<\/a>, <em>European Fuel Cell Technology &amp; Applications Conference &#8211; Piero Lunghi Conference, December 16-18, 2015, Naples, Italy.<\/em><\/p>\n<p><strong> <span class=\"fontstyle0\">Blauert F.<\/span><\/strong><span class=\"fontstyle2\"><strong>, Wagner M., Horn H.<\/strong> (2015) <a href=\"https:\/\/blogit.itu.dk\/evoblissproject\/wp-content\/uploads\/sites\/19\/2018\/03\/blauert_2015_.pdf\">Time-lapsed Three-dimensional Biofilm Deformation in Situand Non-invasively Visualized and Quantified by Means of Optical Coherence Tomography<\/a>. 7<\/span><span class=\"fontstyle3\">th <\/span><span class=\"fontstyle4\">ASM Conference on Biofilms<\/span><span class=\"fontstyle2\">, 24-29 September 2015, in Chicago, USA.<\/span><\/p>\n<p style=\"text-align: justify\">Guti\u00e9rrez J.M.P. , <strong>Cronin L.<\/strong> (2015). <a href=\"https:\/\/www.cs.york.ac.uk\/nature\/ecal2015\/paper-45.html\">Embodied Evolution of Artificial Cells in a Hybrid Wet\/Hard-ware Platform, ECAL 2015.<\/a><\/p>\n<p><strong><span class=\"fontstyle0\">Blauert F.<\/span><\/strong><span class=\"fontstyle2\"><strong>, Horn H., Wagner M. <\/strong>(2014) <a href=\"https:\/\/blogit.itu.dk\/evoblissproject\/wp-content\/uploads\/sites\/19\/2018\/03\/blauert_2014_a_new_attempt_.pdf\">A new attempt to measure biofilm rheology by optical coherence tomography<\/a>. <\/span><span class=\"fontstyle3\">Biofilms 6<\/span><span class=\"fontstyle2\">, 11-13 Mai 2014, in Vienna, Austria.<\/span><\/p>\n<h3 style=\"text-align: justify\">Book chapters<\/h3>\n<p style=\"text-align: justify\"><strong>\u010cejkov\u00e1 J.,<\/strong> Holler S., Quyen N. T., Kerrigan C., \u0160t\u011bp\u00e1nek F., <strong>Hanczyc M. M.<\/strong> <a href=\"https:\/\/blogit.itu.dk\/evoblissproject\/wp-content\/uploads\/sites\/19\/2018\/03\/2016-cejkova-book-chapter.pdf\">Chemotaxis and chemokinesis of living and non-living objects<\/a>. Book chapter in <em>Advances in Unconventional Computing, <\/em>(Adamatzky A., ed.), Springer, 2016.<\/p>\n<p style=\"text-align: justify\">&nbsp;<\/p>\n","protected":false},"excerpt":{"rendered":"<p>Journal papers Mari Yoshida, Trevor Hinkley, Soichiro Tsuda, Yousef M. Abul-Haija, Roy T. McBurney, Vladislav Kulikov, Jennifer S. Mathieson, Sabrina Gali\u00f1anes Reyes, Maria D. Castro, Leroy Cronin (2018) Using Evolutionary &hellip; <a href=\"https:\/\/blogit.itu.dk\/evoblissproject\/publications\/\" class=\"more-link\">Continue reading <span class=\"screen-reader-text\">Publications<\/span> <span class=\"meta-nav\">&rarr;<\/span><\/a><\/p>\n","protected":false},"author":52,"featured_media":0,"parent":0,"menu_order":0,"comment_status":"closed","ping_status":"open","template":"","meta":{"ngg_post_thumbnail":0,"footnotes":""},"class_list":["post-29","page","type-page","status-publish","hentry"],"_links":{"self":[{"href":"https:\/\/blogit.itu.dk\/evoblissproject\/wp-json\/wp\/v2\/pages\/29","targetHints":{"allow":["GET"]}}],"collection":[{"href":"https:\/\/blogit.itu.dk\/evoblissproject\/wp-json\/wp\/v2\/pages"}],"about":[{"href":"https:\/\/blogit.itu.dk\/evoblissproject\/wp-json\/wp\/v2\/types\/page"}],"author":[{"embeddable":true,"href":"https:\/\/blogit.itu.dk\/evoblissproject\/wp-json\/wp\/v2\/users\/52"}],"replies":[{"embeddable":true,"href":"https:\/\/blogit.itu.dk\/evoblissproject\/wp-json\/wp\/v2\/comments?post=29"}],"version-history":[{"count":76,"href":"https:\/\/blogit.itu.dk\/evoblissproject\/wp-json\/wp\/v2\/pages\/29\/revisions"}],"predecessor-version":[{"id":872,"href":"https:\/\/blogit.itu.dk\/evoblissproject\/wp-json\/wp\/v2\/pages\/29\/revisions\/872"}],"wp:attachment":[{"href":"https:\/\/blogit.itu.dk\/evoblissproject\/wp-json\/wp\/v2\/media?parent=29"}],"curies":[{"name":"wp","href":"https:\/\/api.w.org\/{rel}","templated":true}]}}