{"id":240,"date":"2015-06-19T14:45:31","date_gmt":"2015-06-19T14:45:31","guid":{"rendered":"http:\/\/blogit.itu.dk\/evoblissproject\/?page_id=240"},"modified":"2018-03-07T14:53:16","modified_gmt":"2018-03-07T14:53:16","slug":"media","status":"publish","type":"page","link":"https:\/\/blogit.itu.dk\/evoblissproject\/media\/","title":{"rendered":"Media"},"content":{"rendered":"<p><iframe loading=\"lazy\" title=\"AUTUMN SCHOOL MASTER\" width=\"474\" height=\"267\" src=\"https:\/\/www.youtube.com\/embed\/rFW1_haNrkE?feature=oembed\" frameborder=\"0\" allow=\"accelerometer; autoplay; clipboard-write; encrypted-media; gyroscope; picture-in-picture; web-share\" referrerpolicy=\"strict-origin-when-cross-origin\" allowfullscreen><\/iframe><\/p>\n<p><iframe loading=\"lazy\" title=\"EvoBot performing some experiments\" width=\"474\" height=\"267\" src=\"https:\/\/www.youtube.com\/embed\/ik9OOf7ybSc?feature=oembed\" frameborder=\"0\" allow=\"accelerometer; autoplay; clipboard-write; encrypted-media; gyroscope; picture-in-picture; web-share\" referrerpolicy=\"strict-origin-when-cross-origin\" allowfullscreen><\/iframe><\/p>\n<p><iframe loading=\"lazy\" title=\"NEW ROBOT HELPS DEVELOPING ARTIFICIAL LIFE\" width=\"474\" height=\"267\" src=\"https:\/\/www.youtube.com\/embed\/Yu41zbZ1m9I?feature=oembed\" frameborder=\"0\" allow=\"accelerometer; autoplay; clipboard-write; encrypted-media; gyroscope; picture-in-picture; web-share\" referrerpolicy=\"strict-origin-when-cross-origin\" allowfullscreen><\/iframe><\/p>\n<p><iframe loading=\"lazy\" title=\"How do robots copy animals? | We The Curious\" width=\"474\" height=\"267\" src=\"https:\/\/www.youtube.com\/embed\/Iv1U2WB4f8M?feature=oembed\" frameborder=\"0\" allow=\"accelerometer; autoplay; clipboard-write; encrypted-media; gyroscope; picture-in-picture; web-share\" referrerpolicy=\"strict-origin-when-cross-origin\" allowfullscreen><\/iframe><\/p>\n<hr>\n<p><a href=\"http:\/\/www.wired.co.uk\/news\/archive\/2014-12\/08\/3d-printed-robot-synthetic-cells\"><img loading=\"lazy\" decoding=\"async\" class=\"alignnone size-full wp-image-273\" src=\"http:\/\/blogit.itu.dk\/evoblissproject\/wp-content\/uploads\/sites\/19\/2015\/06\/V\u00fdst\u0159i\u017eek2.jpg\" alt=\"V\u00fdst\u0159i\u017eek\" width=\"950\" height=\"597\" srcset=\"https:\/\/blogit.itu.dk\/evoblissproject\/wp-content\/uploads\/sites\/19\/2015\/06\/V\u00fdst\u0159i\u017eek2.jpg 950w, https:\/\/blogit.itu.dk\/evoblissproject\/wp-content\/uploads\/sites\/19\/2015\/06\/V\u00fdst\u0159i\u017eek2-300x189.jpg 300w, https:\/\/blogit.itu.dk\/evoblissproject\/wp-content\/uploads\/sites\/19\/2015\/06\/V\u00fdst\u0159i\u017eek2-600x377.jpg 600w\" sizes=\"auto, (max-width: 950px) 100vw, 950px\" \/><\/a><\/p>\n<hr>\n<p>&nbsp;<\/p>\n<p><a href=\"http:\/\/www.sdu.dk\/en\/Om_SDU\/Fakulteterne\/Naturvidenskab\/Nyheder_2014\/2014_09_29_alcoholdrop\"><img loading=\"lazy\" decoding=\"async\" class=\"alignnone size-full wp-image-370\" src=\"https:\/\/blogit.itu.dk\/evoblissproject\/wp-content\/uploads\/sites\/19\/2015\/06\/scientists.jpg\" alt=\"scientists\" width=\"1144\" height=\"110\" srcset=\"https:\/\/blogit.itu.dk\/evoblissproject\/wp-content\/uploads\/sites\/19\/2015\/06\/scientists.jpg 1144w, https:\/\/blogit.itu.dk\/evoblissproject\/wp-content\/uploads\/sites\/19\/2015\/06\/scientists-300x29.jpg 300w, https:\/\/blogit.itu.dk\/evoblissproject\/wp-content\/uploads\/sites\/19\/2015\/06\/scientists-1024x98.jpg 1024w, https:\/\/blogit.itu.dk\/evoblissproject\/wp-content\/uploads\/sites\/19\/2015\/06\/scientists-600x58.jpg 600w\" sizes=\"auto, (max-width: 1144px) 100vw, 1144px\" \/><\/a><\/p>\n<p><iframe loading=\"lazy\" title=\"Supplementary movie 4: Maze experiments\" width=\"474\" height=\"267\" src=\"https:\/\/www.youtube.com\/embed\/P5uKRqJIeSs?feature=oembed\" frameborder=\"0\" allow=\"accelerometer; autoplay; clipboard-write; encrypted-media; gyroscope; picture-in-picture; web-share\" referrerpolicy=\"strict-origin-when-cross-origin\" allowfullscreen><\/iframe><\/p>\n<hr>\n<p><a href=\"http:\/\/sciencenordic.com\/new-robot-will-help-scientists-turn-pee-electricity\"><img loading=\"lazy\" decoding=\"async\" class=\"alignnone wp-image-368\" src=\"https:\/\/blogit.itu.dk\/evoblissproject\/wp-content\/uploads\/sites\/19\/2015\/06\/sciencenordic-300x186.jpg\" alt=\"sciencenordic\" width=\"950\" height=\"591\" srcset=\"https:\/\/blogit.itu.dk\/evoblissproject\/wp-content\/uploads\/sites\/19\/2015\/06\/sciencenordic-300x186.jpg 300w, https:\/\/blogit.itu.dk\/evoblissproject\/wp-content\/uploads\/sites\/19\/2015\/06\/sciencenordic-600x373.jpg 600w, https:\/\/blogit.itu.dk\/evoblissproject\/wp-content\/uploads\/sites\/19\/2015\/06\/sciencenordic.jpg 769w\" sizes=\"auto, (max-width: 950px) 100vw, 950px\" \/><\/a><\/p>\n","protected":false},"excerpt":{"rendered":"<p>&nbsp;<\/p>\n","protected":false},"author":52,"featured_media":0,"parent":0,"menu_order":0,"comment_status":"closed","ping_status":"open","template":"","meta":{"ngg_post_thumbnail":0,"footnotes":""},"class_list":["post-240","page","type-page","status-publish","hentry"],"_links":{"self":[{"href":"https:\/\/blogit.itu.dk\/evoblissproject\/wp-json\/wp\/v2\/pages\/240","targetHints":{"allow":["GET"]}}],"collection":[{"href":"https:\/\/blogit.itu.dk\/evoblissproject\/wp-json\/wp\/v2\/pages"}],"about":[{"href":"https:\/\/blogit.itu.dk\/evoblissproject\/wp-json\/wp\/v2\/types\/page"}],"author":[{"embeddable":true,"href":"https:\/\/blogit.itu.dk\/evoblissproject\/wp-json\/wp\/v2\/users\/52"}],"replies":[{"embeddable":true,"href":"https:\/\/blogit.itu.dk\/evoblissproject\/wp-json\/wp\/v2\/comments?post=240"}],"version-history":[{"count":13,"href":"https:\/\/blogit.itu.dk\/evoblissproject\/wp-json\/wp\/v2\/pages\/240\/revisions"}],"predecessor-version":[{"id":724,"href":"https:\/\/blogit.itu.dk\/evoblissproject\/wp-json\/wp\/v2\/pages\/240\/revisions\/724"}],"wp:attachment":[{"href":"https:\/\/blogit.itu.dk\/evoblissproject\/wp-json\/wp\/v2\/media?parent=240"}],"curies":[{"name":"wp","href":"https:\/\/api.w.org\/{rel}","templated":true}]}}