{"id":144,"date":"2015-06-02T18:18:16","date_gmt":"2015-06-02T18:18:16","guid":{"rendered":"http:\/\/blogit.itu.dk\/evoblissproject\/?page_id=144"},"modified":"2015-07-28T09:22:03","modified_gmt":"2015-07-28T09:22:03","slug":"program","status":"publish","type":"page","link":"https:\/\/blogit.itu.dk\/evoblissproject\/events\/alife-2014-workshop\/program\/","title":{"rendered":"Program"},"content":{"rendered":"<h2>ALIFE Workshop: Exploiting synergies between biology and artificial life technologies: tools, possibilities, and examples<\/h2>\n<p>Venue: SUNY Global Center<br \/>\nDate: 30th of July, 2014<\/p>\n<table cellpadding=\"5\">\n<tbody>\n<tr>\n<td valign=\"top\">13:00-13:05<\/td>\n<td valign=\"top\">Introduction (Kasper Stoy)<\/td>\n<\/tr>\n<tr>\n<td colspan=\"2\" valign=\"top\"><\/td>\n<\/tr>\n<tr>\n<td colspan=\"2\" valign=\"top\">\n<h3>Bio-Robot Hybrids<\/h3>\n<h5>Chair: Martin Hanczyc<\/h5>\n<\/td>\n<\/tr>\n<tr>\n<td valign=\"top\">13:05-13:25<\/td>\n<td valign=\"top\"><a href=\"https:\/\/blogit.itu.dk\/evoblissproject\/wp-content\/uploads\/sites\/19\/2015\/07\/1-taylor.pdf\">&#8220;Physarum polycephalum: towards a biological controller&#8221;<\/a>, Benjamin Taylor, Andrew Adamatzky, John Greenman, and Ioannis Ieropoulos, University of West of England<\/td>\n<\/tr>\n<tr>\n<td valign=\"top\">13:25-13:45<\/td>\n<td valign=\"top\"><a href=\"https:\/\/blogit.itu.dk\/evoblissproject\/wp-content\/uploads\/sites\/19\/2015\/07\/3-masumori.pdf\">&#8220;Designing a Robotic Platform Controlled by Cultured Neural Cells&#8221;<\/a>, Atsushi Masumori, Norihiro Maruyama, Julien Hubert, Takeshi Mita, Douglas Bakkum, Hirokazu Takahashi and Takashi Ikegami, University of Tokyo, ETH Z\u00fcruch<\/td>\n<\/tr>\n<tr>\n<td valign=\"top\">13:45-14:05<\/td>\n<td valign=\"top\"><a href=\"https:\/\/blogit.itu.dk\/evoblissproject\/wp-content\/uploads\/sites\/19\/2015\/07\/4-papaharalabos.pdf\">&#8220;Artificial control of microbial life: Towards a urine fuelled robot&#8221;<\/a>, Papaharalabos G, Greenman J, Stinchcombe A, Melhuish C and Ieropoulos I, Bristol Robotics Lab, University of West of England<\/td>\n<\/tr>\n<tr>\n<td valign=\"top\">14:05-14:25<\/td>\n<td valign=\"top\"><a href=\"https:\/\/blogit.itu.dk\/evoblissproject\/wp-content\/uploads\/sites\/19\/2015\/07\/6-gajda.pdf\">&#8220;Artificial photosynthesis coupled with electricity generation &#8211; microbial fuel cells as artificial plants&#8221;<\/a>, Iwona Gajda, John Greenman, Andrew Stinchcombe, Chris Melhuish and Ioannis Ieropoulos, Bristol Robotics Laboratory, University of West of England<\/td>\n<\/tr>\n<tr>\n<td valign=\"top\">14:25-14:40<\/td>\n<td valign=\"top\">Discussion<\/td>\n<\/tr>\n<tr>\n<td colspan=\"2\" valign=\"top\"><\/td>\n<\/tr>\n<tr>\n<td valign=\"top\">14:40-14:50<\/td>\n<td valign=\"top\">Break<\/td>\n<\/tr>\n<tr>\n<td colspan=\"2\" valign=\"top\"><\/td>\n<\/tr>\n<tr>\n<td colspan=\"2\" valign=\"top\">\n<h3>Bio-Inspired Artificial Life Systems<\/h3>\n<h5>Chair: Kasper Stoy<\/h5>\n<\/td>\n<\/tr>\n<tr>\n<td valign=\"top\">14:50-15:10<\/td>\n<td valign=\"top\"><a href=\"https:\/\/blogit.itu.dk\/evoblissproject\/wp-content\/uploads\/sites\/19\/2015\/07\/8-oka.pdf\">&#8220;Dynamic Homeostasis in Packet Switching Network&#8221;<\/a>, Mizuki Oka, Hirotake Abe, Takashi Ikegami, University of Tokyo,University of Tsukuba<\/td>\n<\/tr>\n<tr>\n<td valign=\"top\">15:10-15:30<\/td>\n<td valign=\"top\"><a href=\"https:\/\/blogit.itu.dk\/evoblissproject\/wp-content\/uploads\/sites\/19\/2015\/07\/10-maruyama.pdf\">&#8220;Evolution of Artificial Soundscape in a Natural Environment&#8221;<\/a>, Norihiro Maruyama, Itsuki Doi, Atsushi Masumori, Mizuki Oka, Takashi Ikegami, Victoria Vesna, Charles Taylor, University of Tokyo, University of Tsukuba, UCLA<\/td>\n<\/tr>\n<tr>\n<td valign=\"top\">15:30-15:50<\/td>\n<td valign=\"top\">&#8220;Acquisition of information \u2013 using the environment to program chemical systems&#8221;, Lee Cronin, Cronin Group, University of Glasgow<\/td>\n<\/tr>\n<tr>\n<td valign=\"top\">15:50-16:05<\/td>\n<td valign=\"top\">Discussion<\/td>\n<\/tr>\n<tr>\n<td colspan=\"2\" valign=\"top\"><\/td>\n<\/tr>\n<tr>\n<td valign=\"top\">16:05-16:15<\/td>\n<td valign=\"top\">Break<\/td>\n<\/tr>\n<tr>\n<td colspan=\"2\" valign=\"top\"><\/td>\n<\/tr>\n<tr>\n<td colspan=\"2\" valign=\"top\">\n<h3>Tools<\/h3>\n<h5>Chair: Sabine Hauert<\/h5>\n<\/td>\n<\/tr>\n<tr>\n<td valign=\"top\">16:15-16:35<\/td>\n<td valign=\"top\"><a href=\"https:\/\/blogit.itu.dk\/evoblissproject\/wp-content\/uploads\/sites\/19\/2015\/07\/9-hanczyc.pdf\">&#8220;Artificial Life Cells Run Amok?!&#8221;<\/a>, Martin M. Hanczyc, University of Trento<\/td>\n<\/tr>\n<tr>\n<td valign=\"top\">16:35-16:55<\/td>\n<td valign=\"top\"><a href=\"https:\/\/blogit.itu.dk\/evoblissproject\/wp-content\/uploads\/sites\/19\/2015\/07\/5-faina.pdf\">&#8220;Towards EvoBot: A liquid-handling robot able to automatize and optimize experiments based on real-time feedback&#8221;<\/a>, Andr\u00e9s Fa\u00ed\u00f1a, Farzad Nejatimoharrami and Kasper Stoy, IT University of Copenhagen<\/td>\n<\/tr>\n<tr>\n<td valign=\"top\">16:55-17:15<\/td>\n<td valign=\"top\"><a href=\"https:\/\/blogit.itu.dk\/evoblissproject\/wp-content\/uploads\/sites\/19\/2015\/07\/11-pascalie.pdf\">&#8220;Soft to Wet: Morphogenetic Engineering in Synthetic Biology&#8221;<\/a>, Jonathan Pascalie, Ren\u00e9 Doursat, Martin Potier, Antoine Spicher, Taras Kowaliw, Jean-Louis Giavitto and Olivier Michel, Complex Systems Institute Paris \u00eele-de-France, Universit\u00e9 Paris-Est Cr\u00e9teil, Drexel University, IRCAM<\/td>\n<\/tr>\n<tr>\n<td valign=\"top\">17:15-17:30<\/td>\n<td valign=\"top\">Discussion<\/td>\n<\/tr>\n<tr>\n<td colspan=\"2\" valign=\"top\"><\/td>\n<\/tr>\n<tr>\n<td valign=\"top\">17:30-17:40<\/td>\n<td valign=\"top\">Break<\/td>\n<\/tr>\n<tr>\n<td colspan=\"2\" valign=\"top\"><\/td>\n<\/tr>\n<tr>\n<td colspan=\"2\" valign=\"top\">\n<h3>Applications<\/h3>\n<h5>Chair: Takashi Ikegami<\/h5>\n<\/td>\n<\/tr>\n<tr>\n<td valign=\"top\">17:40-18:00<\/td>\n<td valign=\"top\">&#8220;Assisted Evolution of Protocell Droplets in a Chemo-Robotic Platform&#8221;, Juan Manuel Parrilla Gutierrez, Cronin Group, University of Glasgow<\/td>\n<\/tr>\n<tr>\n<td valign=\"top\">18:00-18:20<\/td>\n<td valign=\"top\"><a href=\"https:\/\/blogit.itu.dk\/evoblissproject\/wp-content\/uploads\/sites\/19\/2015\/07\/7-hauert.pdf\">&#8220;Insights from Swarm-Robotic Experiments on the Penetration of Targeted Nanoparticles into Tumors&#8221;<\/a>, S. Hauert, M. Rubenstein, S. Berman, A. F. Bagley, R. Nagpal and S. N. Bhatia, Harvard-MIT, Bristol Robotics Laboratory, Harvard, Arizona State University, MIT<\/td>\n<\/tr>\n<tr>\n<td valign=\"top\">18:20-18:40<\/td>\n<td valign=\"top\"><a href=\"https:\/\/blogit.itu.dk\/evoblissproject\/wp-content\/uploads\/sites\/19\/2015\/07\/2-blauert.pdf\">&#8220;Optimization of Biofilm Structure by Means of an Evolutionary Platform&#8221;<\/a>, Florian Blauert, Michael Wagner and Harald Horn, Karlsruhe Institute of Technology<\/td>\n<\/tr>\n<tr>\n<td valign=\"top\">18:40-18:55<\/td>\n<td valign=\"top\">Discussion<\/td>\n<\/tr>\n<tr>\n<td colspan=\"2\" valign=\"top\"><\/td>\n<\/tr>\n<tr>\n<td valign=\"top\">18:55-19:00<\/td>\n<td valign=\"top\">Final discussion and evaluation (Kasper Stoy)<\/td>\n<\/tr>\n<\/tbody>\n<\/table>\n","protected":false},"excerpt":{"rendered":"<p>ALIFE Workshop: Exploiting synergies between biology and artificial life technologies: tools, possibilities, and examples Venue: SUNY Global Center Date: 30th of July, 2014 13:00-13:05 Introduction (Kasper Stoy) Bio-Robot Hybrids Chair: &hellip; <a href=\"https:\/\/blogit.itu.dk\/evoblissproject\/events\/alife-2014-workshop\/program\/\" class=\"more-link\">Continue reading <span class=\"screen-reader-text\">Program<\/span> <span class=\"meta-nav\">&rarr;<\/span><\/a><\/p>\n","protected":false},"author":52,"featured_media":0,"parent":140,"menu_order":0,"comment_status":"closed","ping_status":"open","template":"","meta":{"ngg_post_thumbnail":0,"footnotes":""},"class_list":["post-144","page","type-page","status-publish","hentry"],"_links":{"self":[{"href":"https:\/\/blogit.itu.dk\/evoblissproject\/wp-json\/wp\/v2\/pages\/144","targetHints":{"allow":["GET"]}}],"collection":[{"href":"https:\/\/blogit.itu.dk\/evoblissproject\/wp-json\/wp\/v2\/pages"}],"about":[{"href":"https:\/\/blogit.itu.dk\/evoblissproject\/wp-json\/wp\/v2\/types\/page"}],"author":[{"embeddable":true,"href":"https:\/\/blogit.itu.dk\/evoblissproject\/wp-json\/wp\/v2\/users\/52"}],"replies":[{"embeddable":true,"href":"https:\/\/blogit.itu.dk\/evoblissproject\/wp-json\/wp\/v2\/comments?post=144"}],"version-history":[{"count":8,"href":"https:\/\/blogit.itu.dk\/evoblissproject\/wp-json\/wp\/v2\/pages\/144\/revisions"}],"predecessor-version":[{"id":407,"href":"https:\/\/blogit.itu.dk\/evoblissproject\/wp-json\/wp\/v2\/pages\/144\/revisions\/407"}],"up":[{"embeddable":true,"href":"https:\/\/blogit.itu.dk\/evoblissproject\/wp-json\/wp\/v2\/pages\/140"}],"wp:attachment":[{"href":"https:\/\/blogit.itu.dk\/evoblissproject\/wp-json\/wp\/v2\/media?parent=144"}],"curies":[{"name":"wp","href":"https:\/\/api.w.org\/{rel}","templated":true}]}}