{"id":2,"date":"2021-01-11T15:29:58","date_gmt":"2021-01-11T15:29:58","guid":{"rendered":"https:\/\/blogit.itu.dk\/ethnography\/?page_id=2"},"modified":"2021-01-14T13:01:51","modified_gmt":"2021-01-14T13:01:51","slug":"sample-page","status":"publish","type":"page","link":"https:\/\/blogit.itu.dk\/ethnography\/","title":{"rendered":""},"content":{"rendered":"<div id=\"pl-2\"  class=\"panel-layout\" ><div id=\"pg-2-0\"  class=\"panel-grid panel-no-style\" ><div id=\"pgc-2-0-0\"  class=\"panel-grid-cell\" ><div id=\"panel-2-0-0-0\" class=\"so-panel widget widget_sow-button panel-first-child panel-last-child\" data-index=\"0\" ><div\n\t\t\t\n\t\t\tclass=\"so-widget-sow-button so-widget-sow-button-wire-eeb7162d7af0-2\"\n\t\t\t\n\t\t><div class=\"ow-button-base ow-button-align-center\"\n>\n\t\t\t<a\n\t\t\t\tclass=\"sowb-button ow-icon-placement-left ow-button-hover\" download=\"\" \t>\n\t\t<span>\n\t\t\t\n\t\t\tDOWNLOAD\t\t<\/span>\n\t\t\t<\/a>\n\t<\/div>\n<\/div><\/div><\/div><\/div><div id=\"pg-2-1\"  class=\"panel-grid panel-has-style\" ><div class=\"siteorigin-panels-stretch panel-row-style panel-row-style-for-2-1\" data-stretch-type=\"full-stretched-padded\" ><div id=\"pgc-2-1-0\"  class=\"panel-grid-cell\" ><div id=\"panel-2-1-0-0\" class=\"so-panel widget widget_sow-headline panel-first-child panel-last-child\" data-index=\"1\" ><div class=\"panel-widget-style panel-widget-style-for-2-1-0-0\" ><div\n\t\t\t\n\t\t\tclass=\"so-widget-sow-headline so-widget-sow-headline-default-e02f8c2deb96-2\"\n\t\t\t\n\t\t><div class=\"sow-headline-container \">\n\t\t\t\t\t\t\t<h1 class=\"sow-headline\">\n\t\t\t\t\t\tSUMMARY\t\t\t\t\t\t<\/h1>\n\t\t\t\t\t\t\t\t\t\t\t<div class=\"decoration\">\n\t\t\t\t\t\t<div class=\"decoration-inside\"><\/div>\n\t\t\t\t\t<\/div>\n\t\t\t\t\t<\/div>\n<\/div><\/div><\/div><\/div><div id=\"pgc-2-1-1\"  class=\"panel-grid-cell\" ><div id=\"panel-2-1-1-0\" class=\"so-panel widget widget_sow-editor panel-first-child panel-last-child\" data-index=\"2\" ><div\n\t\t\t\n\t\t\tclass=\"so-widget-sow-editor so-widget-sow-editor-base\"\n\t\t\t\n\t\t>\n<div class=\"siteorigin-widget-tinymce textwidget\">\n\t<p>Experimenting with Ethnography collects twenty-one essays that open new paths for doing ethnographic analysis. The contributors\u2014who come from a variety of intellectual and methodological traditions\u2014enliven analysis by refusing to take it as an abstract, disembodied exercise. Rather, they frame it as a concrete mode of action and a creative practice. Encompassing topics ranging from language and the body to technology and modes of collaboration, the essays invite readers to focus on the imaginative work that needs to be performed prior to completing an argument. Whether exchanging objects, showing how to use drawn images as a way to analyze data, or working with smartphones, sound recordings, and social media as analytic devices, the contributors explore the deliberate processes for pursuing experimental thinking through ethnography. Practical and broad in theoretical scope, Experimenting with Ethnography is an indispensable companion for all ethnographers.<\/p>\n<\/div>\n<\/div><\/div><\/div><\/div><\/div><div id=\"pg-2-2\"  class=\"panel-grid panel-has-style\" ><div class=\"siteorigin-panels-stretch panel-row-style panel-row-style-for-2-2\" data-stretch-type=\"full-stretched-padded\" ><div id=\"pgc-2-2-0\"  class=\"panel-grid-cell\" ><div id=\"panel-2-2-0-0\" class=\"so-panel widget widget_sow-headline panel-first-child panel-last-child\" data-index=\"3\" ><div class=\"panel-widget-style panel-widget-style-for-2-2-0-0\" ><div\n\t\t\t\n\t\t\tclass=\"so-widget-sow-headline so-widget-sow-headline-default-e02f8c2deb96-2\"\n\t\t\t\n\t\t><div class=\"sow-headline-container \">\n\t\t\t\t\t\t\t<h1 class=\"sow-headline\">\n\t\t\t\t\t\tEDITORS\t\t\t\t\t\t<\/h1>\n\t\t\t\t\t\t\t\t\t\t\t<div class=\"decoration\">\n\t\t\t\t\t\t<div class=\"decoration-inside\"><\/div>\n\t\t\t\t\t<\/div>\n\t\t\t\t\t<\/div>\n<\/div><\/div><\/div><\/div><div id=\"pgc-2-2-1\"  class=\"panel-grid-cell\" ><div id=\"panel-2-2-1-0\" class=\"so-panel widget widget_sow-image panel-first-child\" data-index=\"4\" ><div\n\t\t\t\n\t\t\tclass=\"so-widget-sow-image so-widget-sow-image-default-c67d20f9f743-2\"\n\t\t\t\n\t\t>\n<div class=\"sow-image-container\">\n\t\t<img \n\tsrc=\"https:\/\/blogit.itu.dk\/ethnography\/wp-content\/uploads\/sites\/102\/2021\/01\/Placeholder-150x150.png\" width=\"150\" height=\"150\" srcset=\"https:\/\/blogit.itu.dk\/ethnography\/wp-content\/uploads\/sites\/102\/2021\/01\/Placeholder-150x150.png 150w, https:\/\/blogit.itu.dk\/ethnography\/wp-content\/uploads\/sites\/102\/2021\/01\/Placeholder-300x300.png 300w, https:\/\/blogit.itu.dk\/ethnography\/wp-content\/uploads\/sites\/102\/2021\/01\/Placeholder-50x50.png 50w, https:\/\/blogit.itu.dk\/ethnography\/wp-content\/uploads\/sites\/102\/2021\/01\/Placeholder-100x100.png 100w, https:\/\/blogit.itu.dk\/ethnography\/wp-content\/uploads\/sites\/102\/2021\/01\/Placeholder-65x65.png 65w, https:\/\/blogit.itu.dk\/ethnography\/wp-content\/uploads\/sites\/102\/2021\/01\/Placeholder.png 485w\" sizes=\"(max-width: 150px) 100vw, 150px\" alt=\"\" \t\tclass=\"so-widget-image\"\/>\n\t<\/div>\n\n<\/div><\/div><div id=\"panel-2-2-1-1\" class=\"so-panel widget widget_sow-editor\" data-index=\"5\" ><div class=\"panel-widget-style panel-widget-style-for-2-2-1-1\" ><div\n\t\t\t\n\t\t\tclass=\"so-widget-sow-editor so-widget-sow-editor-base\"\n\t\t\t\n\t\t>\n<div class=\"siteorigin-widget-tinymce textwidget\">\n\t<h3 class=\"q_team_name\" style=\"text-align: center\">ANDREA BALLESTERO<\/h3>\n<p style=\"text-align: center\">Associate Professor of Anthropology at Rice University and author of&nbsp;<i>A Future History of Water<\/i>, also published by Duke University Press. She also directs The Ethnography Studio.<\/p>\n<\/div>\n<\/div><\/div><\/div><div id=\"panel-2-2-1-2\" class=\"so-panel widget widget_sow-image\" data-index=\"6\" ><div\n\t\t\t\n\t\t\tclass=\"so-widget-sow-image so-widget-sow-image-default-c67d20f9f743-2\"\n\t\t\t\n\t\t>\n<div class=\"sow-image-container\">\n\t\t<img \n\tsrc=\"https:\/\/blogit.itu.dk\/ethnography\/wp-content\/uploads\/sites\/102\/2021\/01\/Placeholder-150x150.png\" width=\"150\" height=\"150\" srcset=\"https:\/\/blogit.itu.dk\/ethnography\/wp-content\/uploads\/sites\/102\/2021\/01\/Placeholder-150x150.png 150w, https:\/\/blogit.itu.dk\/ethnography\/wp-content\/uploads\/sites\/102\/2021\/01\/Placeholder-300x300.png 300w, https:\/\/blogit.itu.dk\/ethnography\/wp-content\/uploads\/sites\/102\/2021\/01\/Placeholder-50x50.png 50w, https:\/\/blogit.itu.dk\/ethnography\/wp-content\/uploads\/sites\/102\/2021\/01\/Placeholder-100x100.png 100w, https:\/\/blogit.itu.dk\/ethnography\/wp-content\/uploads\/sites\/102\/2021\/01\/Placeholder-65x65.png 65w, https:\/\/blogit.itu.dk\/ethnography\/wp-content\/uploads\/sites\/102\/2021\/01\/Placeholder.png 485w\" sizes=\"(max-width: 150px) 100vw, 150px\" alt=\"\" \t\tclass=\"so-widget-image\"\/>\n\t<\/div>\n\n<\/div><\/div><div id=\"panel-2-2-1-3\" class=\"so-panel widget widget_sow-editor panel-last-child\" data-index=\"7\" ><div class=\"panel-widget-style panel-widget-style-for-2-2-1-3\" ><div\n\t\t\t\n\t\t\tclass=\"so-widget-sow-editor so-widget-sow-editor-base\"\n\t\t\t\n\t\t>\n<div class=\"siteorigin-widget-tinymce textwidget\">\n\t<h3 class=\"q_team_name\" style=\"text-align: center\">BRIT ROSS WINTHEREIK<\/h3>\n<p style=\"text-align: center\">Professor of Science and Technology Studies and Ethnography at the IT University of Copenhagen and coauthor of&nbsp;<i>Monitoring Movements in Development Aid: Recursive Partnerships and Infrastructures<\/i>.<\/p>\n<\/div>\n<\/div><\/div><\/div><\/div><\/div><\/div><div id=\"pg-2-3\"  class=\"panel-grid panel-has-style\" ><div class=\"siteorigin-panels-stretch panel-row-style panel-row-style-for-2-3\" data-stretch-type=\"full-stretched-padded\" ><div id=\"pgc-2-3-0\"  class=\"panel-grid-cell\" ><div id=\"panel-2-3-0-0\" class=\"so-panel widget widget_sow-headline panel-first-child panel-last-child\" data-index=\"8\" ><div class=\"panel-widget-style panel-widget-style-for-2-3-0-0\" ><div\n\t\t\t\n\t\t\tclass=\"so-widget-sow-headline so-widget-sow-headline-default-e02f8c2deb96-2\"\n\t\t\t\n\t\t><div class=\"sow-headline-container \">\n\t\t\t\t\t\t\t<h1 class=\"sow-headline\">\n\t\t\t\t\t\tCONTRIBUTORS\t\t\t\t\t\t<\/h1>\n\t\t\t\t\t\t\t\t\t\t\t<div class=\"decoration\">\n\t\t\t\t\t\t<div class=\"decoration-inside\"><\/div>\n\t\t\t\t\t<\/div>\n\t\t\t\t\t<\/div>\n<\/div><\/div><\/div><\/div><div id=\"pgc-2-3-1\"  class=\"panel-grid-cell\" ><div id=\"panel-2-3-1-0\" class=\"so-panel widget widget_sow-editor panel-first-child panel-last-child\" data-index=\"9\" ><div\n\t\t\t\n\t\t\tclass=\"so-widget-sow-editor so-widget-sow-editor-base\"\n\t\t\t\n\t\t>\n<div class=\"siteorigin-widget-tinymce textwidget\">\n\t<p>Joseph Dumit, Markus Rudolfi, Cl\u00e9ment Dr\u00e9ano, Katie Ulrich, Melanie Ford, Marisol de la Cadena, Helen Verran, Ivan da Costa Marquez, Antonia Walford, Steffen Dalsgaard, Justine Laurent, Oliver Human, Carolina Dom\u00ednguez Guzm\u00e1n, Els Roding, Ulrike Scholtes, Marianne de Laet, Annemarie Mol, James Maguire, Graham Jones, Karen Waltrop, Alberto Cors\u00edn Jim\u00e9nez, Elaine Gan, Rachel Douglas-Jones, Trine Mygind Korsby, Anthony Stavrianakis, Endre D\u00e1nyi, Lucy Suchman, Laura Watts, Patricia Alvarez Astacio, Sarah Pink, Else Vogel, George E. Marcus<\/p>\n<\/div>\n<\/div><\/div><\/div><\/div><\/div><div id=\"pg-2-4\"  class=\"panel-grid panel-has-style\" ><div class=\"siteorigin-panels-stretch panel-row-style panel-row-style-for-2-4\" data-stretch-type=\"full-stretched\" ><div id=\"pgc-2-4-0\"  class=\"panel-grid-cell\" ><div id=\"panel-2-4-0-0\" class=\"so-panel widget widget_sow-icon panel-first-child panel-last-child\" data-index=\"10\" ><div class=\"panel-widget-style panel-widget-style-for-2-4-0-0\" ><div\n\t\t\t\n\t\t\tclass=\"so-widget-sow-icon so-widget-sow-icon-default-45683d575315-2\"\n\t\t\t\n\t\t>\n<div class=\"sow-icon-container sow-icon\">\n\t\t\t<span class=\"sow-icon-icomoon\" data-sow-icon=\"&#xe978;\"\n\t\t \n\t\taria-hidden=\"true\"><\/span>\t<\/div>\n<\/div><\/div><\/div><\/div><div id=\"pgc-2-4-1\"  class=\"panel-grid-cell\" ><div id=\"panel-2-4-1-0\" class=\"so-panel widget widget_sow-editor panel-first-child panel-last-child\" data-index=\"11\" ><div class=\"panel-widget-style panel-widget-style-for-2-4-1-0\" ><div\n\t\t\t\n\t\t\tclass=\"so-widget-sow-editor so-widget-sow-editor-base\"\n\t\t\t\n\t\t>\n<div class=\"siteorigin-widget-tinymce textwidget\">\n\t<h1>This innovative book about ethnography as knowledge provokes in all the right ways. Packed with concrete and creative suggestions for doing, writing, and teaching ethnography well beyond anthropology,&nbsp;<i>Experimenting with Ethnography<\/i> offers thoughtful inspiration for anyone seeking to sharpen their analytical skills.<\/h1>\n<p>\u2014 Carole McGranahan, editor of&nbsp;<i>Writing Anthropology: Essays on Craft and Commitment<\/i><\/p>\n<\/div>\n<\/div><\/div><\/div><\/div><\/div><\/div><div id=\"pg-2-5\"  class=\"panel-grid panel-has-style\" ><div class=\"siteorigin-panels-stretch panel-row-style panel-row-style-for-2-5\" data-stretch-type=\"full-stretched-padded\" ><div id=\"pgc-2-5-0\"  class=\"panel-grid-cell\" ><div id=\"panel-2-5-0-0\" class=\"so-panel widget widget_sow-headline panel-first-child panel-last-child\" data-index=\"12\" ><div class=\"panel-widget-style panel-widget-style-for-2-5-0-0\" ><div\n\t\t\t\n\t\t\tclass=\"so-widget-sow-headline so-widget-sow-headline-default-e02f8c2deb96-2\"\n\t\t\t\n\t\t><div class=\"sow-headline-container \">\n\t\t\t\t\t\t\t<h1 class=\"sow-headline\">\n\t\t\t\t\t\tREAD\t\t\t\t\t\t<\/h1>\n\t\t\t\t\t\t\t\t\t\t\t<div class=\"decoration\">\n\t\t\t\t\t\t<div class=\"decoration-inside\"><\/div>\n\t\t\t\t\t<\/div>\n\t\t\t\t\t<\/div>\n<\/div><\/div><\/div><\/div><div id=\"pgc-2-5-1\"  class=\"panel-grid-cell\" ><div id=\"panel-2-5-1-0\" class=\"so-panel widget widget_sow-editor panel-first-child\" data-index=\"13\" ><div class=\"panel-widget-style panel-widget-style-for-2-5-1-0\" ><div\n\t\t\t\n\t\t\tclass=\"so-widget-sow-editor so-widget-sow-editor-base\"\n\t\t\t\n\t\t><h3 class=\"widget-title\">INTRODUCTION<\/h3>\n<div class=\"siteorigin-widget-tinymce textwidget\">\n\t<p>one paragraph on Introduction Experimenting Ethnography<\/p>\n<\/div>\n<\/div><\/div><\/div><div id=\"panel-2-5-1-1\" class=\"so-panel widget widget_sow-editor\" data-index=\"14\" ><div class=\"panel-widget-style panel-widget-style-for-2-5-1-1\" ><div\n\t\t\t\n\t\t\tclass=\"so-widget-sow-editor so-widget-sow-editor-base\"\n\t\t\t\n\t\t><h3 class=\"widget-title\">INTRODUCTION<\/h3>\n<div class=\"siteorigin-widget-tinymce textwidget\">\n\t<p>one paragraph on Introduction Experimenting Ethnography<\/p>\n<\/div>\n<\/div><\/div><\/div><div id=\"panel-2-5-1-2\" class=\"so-panel widget widget_sow-editor\" data-index=\"15\" ><div class=\"panel-widget-style panel-widget-style-for-2-5-1-2\" ><div\n\t\t\t\n\t\t\tclass=\"so-widget-sow-editor so-widget-sow-editor-base\"\n\t\t\t\n\t\t><h3 class=\"widget-title\">INTRODUCTION<\/h3>\n<div class=\"siteorigin-widget-tinymce textwidget\">\n\t<p>one paragraph on Introduction Experimenting Ethnography<\/p>\n<\/div>\n<\/div><\/div><\/div><div id=\"panel-2-5-1-3\" class=\"so-panel widget widget_sow-editor\" data-index=\"16\" ><div class=\"panel-widget-style panel-widget-style-for-2-5-1-3\" ><div\n\t\t\t\n\t\t\tclass=\"so-widget-sow-editor so-widget-sow-editor-base\"\n\t\t\t\n\t\t><h3 class=\"widget-title\">INTRODUCTION<\/h3>\n<div class=\"siteorigin-widget-tinymce textwidget\">\n\t<p>one paragraph on Introduction Experimenting Ethnography<\/p>\n<\/div>\n<\/div><\/div><\/div><div id=\"panel-2-5-1-4\" class=\"so-panel widget widget_sow-editor\" data-index=\"17\" ><div class=\"panel-widget-style panel-widget-style-for-2-5-1-4\" ><div\n\t\t\t\n\t\t\tclass=\"so-widget-sow-editor so-widget-sow-editor-base\"\n\t\t\t\n\t\t><h3 class=\"widget-title\">INTRODUCTION<\/h3>\n<div class=\"siteorigin-widget-tinymce textwidget\">\n\t<p>one paragraph on Introduction Experimenting Ethnography<\/p>\n<\/div>\n<\/div><\/div><\/div><div id=\"panel-2-5-1-5\" class=\"so-panel widget widget_sow-editor panel-last-child\" data-index=\"18\" ><div class=\"panel-widget-style panel-widget-style-for-2-5-1-5\" ><div\n\t\t\t\n\t\t\tclass=\"so-widget-sow-editor so-widget-sow-editor-base\"\n\t\t\t\n\t\t><h3 class=\"widget-title\">INTRODUCTION<\/h3>\n<div class=\"siteorigin-widget-tinymce textwidget\">\n\t<p>one paragraph on Introduction Experimenting Ethnography<\/p>\n<\/div>\n<\/div><\/div><\/div><\/div><\/div><\/div><div id=\"pg-2-6\"  class=\"panel-grid panel-no-style\" ><div id=\"pgc-2-6-0\"  class=\"panel-grid-cell\" ><div id=\"panel-2-6-0-0\" class=\"so-panel widget widget_sow-button panel-first-child panel-last-child\" data-index=\"19\" ><div\n\t\t\t\n\t\t\tclass=\"so-widget-sow-button so-widget-sow-button-wire-eeb7162d7af0-2\"\n\t\t\t\n\t\t><div class=\"ow-button-base ow-button-align-center\"\n>\n\t\t\t<a\n\t\t\t\tclass=\"sowb-button ow-icon-placement-left ow-button-hover\" download=\"\" \t>\n\t\t<span>\n\t\t\t\n\t\t\tDOWNLOAD\t\t<\/span>\n\t\t\t<\/a>\n\t<\/div>\n<\/div><\/div><\/div><\/div><div id=\"pg-2-7\"  class=\"panel-grid panel-has-style\" ><div class=\"siteorigin-panels-stretch panel-row-style panel-row-style-for-2-7\" data-stretch-type=\"full-stretched\" ><div id=\"pgc-2-7-0\"  class=\"panel-grid-cell panel-grid-cell-empty\" ><\/div><div id=\"pgc-2-7-1\"  class=\"panel-grid-cell\" ><div id=\"panel-2-7-1-0\" class=\"so-panel widget widget_sow-editor panel-first-child panel-last-child\" data-index=\"20\" ><div class=\"panel-widget-style panel-widget-style-for-2-7-1-0\" ><div\n\t\t\t\n\t\t\tclass=\"so-widget-sow-editor so-widget-sow-editor-base\"\n\t\t\t\n\t\t>\n<div class=\"siteorigin-widget-tinymce textwidget\">\n\t<p><strong>CONTACT US<\/strong><\/p>\n<p>mail 1<\/p>\n<p>mail 2<\/p>\n<\/div>\n<\/div><\/div><\/div><\/div><div id=\"pgc-2-7-2\"  class=\"panel-grid-cell\" ><div id=\"panel-2-7-2-0\" class=\"so-panel widget widget_sow-editor panel-first-child panel-last-child\" data-index=\"21\" ><div class=\"panel-widget-style panel-widget-style-for-2-7-2-0\" ><div\n\t\t\t\n\t\t\tclass=\"so-widget-sow-editor so-widget-sow-editor-base\"\n\t\t\t\n\t\t>\n<div class=\"siteorigin-widget-tinymce textwidget\">\n\t<p><strong>RIGHTS<\/strong><\/p>\n<p>Duke University Press<\/p>\n<\/div>\n<\/div><\/div><\/div><\/div><div id=\"pgc-2-7-3\"  class=\"panel-grid-cell panel-grid-cell-mobile-last\" ><div id=\"panel-2-7-3-0\" class=\"so-panel widget widget_sow-editor panel-first-child panel-last-child\" data-index=\"22\" ><div class=\"panel-widget-style panel-widget-style-for-2-7-3-0\" ><div\n\t\t\t\n\t\t\tclass=\"so-widget-sow-editor so-widget-sow-editor-base\"\n\t\t\t\n\t\t>\n<div class=\"siteorigin-widget-tinymce textwidget\">\n\t<p><strong>INFORMATION<\/strong><\/p>\n<p>Published: May 2021<\/p>\n<p>Paper ISBN: 978-1-4780-1199-6<\/p>\n<p>Cloth ISBN:&nbsp;978-1-4780-1074-6<\/p>\n<\/div>\n<\/div><\/div><\/div><\/div><div id=\"pgc-2-7-4\"  class=\"panel-grid-cell panel-grid-cell-empty\" ><\/div><\/div><\/div><\/div>","protected":false},"excerpt":{"rendered":"<p>Experimenting with Ethnography collects twenty-one essays that open new paths for doing ethnographic analysis. The contributors\u2014who come from a variety of intellectual and methodological traditions\u2014enliven analysis by refusing to take &hellip; <\/p>\n<p class=\"link-more\"><a href=\"https:\/\/blogit.itu.dk\/ethnography\/\" class=\"more-link\">Continue reading<span class=\"screen-reader-text\"> &#8220;&#8221;<\/span><\/a><\/p>\n","protected":false},"author":231,"featured_media":0,"parent":0,"menu_order":0,"comment_status":"closed","ping_status":"open","template":"","meta":{"ngg_post_thumbnail":0,"footnotes":""},"class_list":["post-2","page","type-page","status-publish","hentry"],"_links":{"self":[{"href":"https:\/\/blogit.itu.dk\/ethnography\/wp-json\/wp\/v2\/pages\/2","targetHints":{"allow":["GET"]}}],"collection":[{"href":"https:\/\/blogit.itu.dk\/ethnography\/wp-json\/wp\/v2\/pages"}],"about":[{"href":"https:\/\/blogit.itu.dk\/ethnography\/wp-json\/wp\/v2\/types\/page"}],"author":[{"embeddable":true,"href":"https:\/\/blogit.itu.dk\/ethnography\/wp-json\/wp\/v2\/users\/231"}],"replies":[{"embeddable":true,"href":"https:\/\/blogit.itu.dk\/ethnography\/wp-json\/wp\/v2\/comments?post=2"}],"version-history":[{"count":17,"href":"https:\/\/blogit.itu.dk\/ethnography\/wp-json\/wp\/v2\/pages\/2\/revisions"}],"predecessor-version":[{"id":69,"href":"https:\/\/blogit.itu.dk\/ethnography\/wp-json\/wp\/v2\/pages\/2\/revisions\/69"}],"wp:attachment":[{"href":"https:\/\/blogit.itu.dk\/ethnography\/wp-json\/wp\/v2\/media?parent=2"}],"curies":[{"name":"wp","href":"https:\/\/api.w.org\/{rel}","templated":true}]}}