{"id":32,"date":"2022-03-25T14:33:30","date_gmt":"2022-03-25T14:33:30","guid":{"rendered":"https:\/\/blogit.itu.dk\/eludamos2022\/?page_id=32"},"modified":"2022-04-04T14:27:32","modified_gmt":"2022-04-04T14:27:32","slug":"welcome","status":"publish","type":"page","link":"https:\/\/blogit.itu.dk\/eludamos2022\/","title":{"rendered":"Welcome"},"content":{"rendered":"\t\t<div data-elementor-type=\"wp-page\" data-elementor-id=\"32\" class=\"elementor elementor-32\">\n\t\t\t\t\t\t<section class=\"elementor-section elementor-top-section elementor-element elementor-element-0802a3b elementor-section-boxed elementor-section-height-default elementor-section-height-default\" data-id=\"0802a3b\" data-element_type=\"section\" data-e-type=\"section\">\n\t\t\t\t\t\t<div class=\"elementor-container elementor-column-gap-default\">\n\t\t\t\t\t<div class=\"elementor-column elementor-col-100 elementor-top-column elementor-element elementor-element-331b081\" data-id=\"331b081\" data-element_type=\"column\" data-e-type=\"column\">\n\t\t\t<div class=\"elementor-widget-wrap elementor-element-populated\">\n\t\t\t\t\t\t<div class=\"elementor-element elementor-element-80f5b87 elementor-widget elementor-widget-text-editor\" data-id=\"80f5b87\" data-element_type=\"widget\" data-e-type=\"widget\" data-widget_type=\"text-editor.default\">\n\t\t\t\t<div class=\"elementor-widget-container\">\n\t\t\t\t\t\t\t\t\t<h1 style=\", sans-serif;font-size: 14px;font-style: normal;font-weight: 400\"><a href=\"https:\/\/blogit.itu.dk\/eludamos2022\/programme\/\"><img decoding=\"async\" class=\"alignnone size-medium wp-image-13\" src=\"http:\/\/blogit.itu.dk\/eludamos2022\/wp-content\/uploads\/sites\/108\/2022\/03\/eludamoslogo-300x62.jpg\" alt=\"\" width=\"300\" height=\"62\" srcset=\"https:\/\/blogit.itu.dk\/eludamos2022\/wp-content\/uploads\/sites\/108\/2022\/03\/eludamoslogo-300x62.jpg 300w, https:\/\/blogit.itu.dk\/eludamos2022\/wp-content\/uploads\/sites\/108\/2022\/03\/eludamoslogo.jpg 391w\" sizes=\"(max-width: 300px) 100vw, 300px\" \/><\/a><\/h1><h1 style=\", sans-serif;font-size: 14px;font-style: normal;font-weight: 400\">Welcome to the <em>Eludamos Symposium and Doctoral Consortium: Futures of Games and Game Studies<\/em>.<\/h1><h3 style=\", sans-serif;font-size: 14px;font-style: normal;font-weight: 400\"><a href=\"https:\/\/blogit.itu.dk\/eludamos2022\/programme\/\"><strong>See the full programme here.<\/strong><\/a><\/h3><h1>Streaming<\/h1><p>The symposium will be streamed via Zoom Webinar. Join via this link:<\/p><p><a href=\"https:\/\/itucph.zoom.us\/j\/65638680211?pwd=bFArVENsSnA4aGNRVk9BT3NEWU0wZz09\">https:\/\/itucph.zoom.us\/j\/65638680211?pwd=bFArVENsSnA4aGNRVk9BT3NEWU0wZz09<\/a><\/p><h1>Getting to ITU Copenhagen<\/h1><p>The ITU is located at <strong>Rued Langgaards Vej 7, 2300 Copenhagen S<\/strong>.<\/p><p>The building sits by the canal between DR Byen, headquarters for the Danish Broadcasting Corporation, and Copenhagen University&#8217;s southern campus.<\/p><p>The nearest metro station is <strong>DR Byen<\/strong> on the M1 line. <strong>Islands Brygge<\/strong> station, also on the M1 line, is also very close.<\/p><h1>Getting to the rooms<\/h1><p>The symposium and consortium is held in a different room each day. While ITU can be notoriously confusing to navigate, it is fortunately small enough that you will find your way eventually.<\/p><p>Day 1 is in <strong>3A54<\/strong>, which means the third floor, wing A, room 54.<\/p><p>Day 2 is in <strong>5A60<\/strong>.<\/p><p>Day 3 is in\u00a0<strong>4A58<\/strong>.<\/p><p>Wing A just means the room is accessible from the walkways surrounding the atrium. Each room is on the same side of the building, just on a different floor.<\/p><p>Enter through the revolving doors on either end of the building, go to the relevant floor and follow the walkway around &#8211; you will find the room before long.<\/p><h1>Tea, coffee and snacks<\/h1><p>Tea and coffee will be provided throughout the day outside the rooms during the breaks. Fruit will also be provided in the afternoon.<\/p><p>However, if you&#8217;d like a nicer, fancier coffee or tea, you can head to the student-run Cafe Analog on the ground floor in the corner by the information desk. Tea costs 5 kr, and espresso-based coffee costs 20 kr. Please note that they do not take cash at Analog, only card.<\/p><p>ITU also neighbours Ismargeriet who serve excellent ice creams.<\/p><h1>Lunch<\/h1><p>We have booked the upper floor in the canteen, EatIT, for each day. The canteen is found on the ground floor in the southeast corner.<\/p><p>The canteen offers a range of options, including vegetarian and non-vegetarian warm buffets, a salad bar and an array of sandwiches and wraps. There are also some baked goods, candy bars and drinks.<\/p><p>You can find the menu <a href=\"https:\/\/billboard.itu.dk\/canteen-menu\">here<\/a>.<\/p><h1>Dinner<\/h1><p>There are two planned dinners.<\/p><h3>Wednesday 6 April<\/h3><p>On the first day we have booked <strong>RizRaz<\/strong>. All participants (organisers, symposium speakers and consortium participants) are welcome.<\/p><p><strong><em>Restaurant RizRaz, Store Kannikestr\u00e6de 19, 1169 K\u00f8benhavn<\/em><\/strong><\/p><p>RizRaz is located in the centre of Copenhagen. From ITU, it is approximately 15 minutes by bike, 30 by public transport, or an hour on foot.<\/p><p>Everyone pays for their own meal. RizRaz serve modern Mediterranean food in a buffet. It costs 159 kr for a buffet.<\/p><p>The booking is for <strong>19.00<\/strong> and we have around two hours, so please arrive on time.<\/p><h3>Thursday 7 April<\/h3><p>On the second evening, we have booked a <strong>speakers and organisers only<\/strong> dinner at <strong>V\u00e6kst<\/strong>.<\/p><p><em><strong>V\u00e6kst, Sankt Peders Str\u00e6de 34, 1453 K\u00f8benhavn<\/strong><\/em><\/p><p>V\u00e6kst is also located in the centre of Copenhagen, so also takes approximately 15 minutes by bike, 30 by public transport and an hour on foot from ITU.<\/p><p>The booking is for <strong>18.00<\/strong> and last for two hours, so please arrive on time.<\/p><h3>Friday 8 April<\/h3><p>For the final night, there is nothing planned. For those who haven&#8217;t yet left, there will be ad hoc plans made over lunch and coffee!<\/p><p>ITU&#8217;s student-run bar ScrollBar will be open from Friday afternoon, so it will also be possible to grab a cheap beer and discuss dinner plans immediately after the consortium.<\/p><p><em>This event is funded by:<\/em><\/p><p><img decoding=\"async\" class=\"alignnone size-medium wp-image-76\" src=\"http:\/\/blogit.itu.dk\/eludamos2022\/wp-content\/uploads\/sites\/108\/2022\/04\/ITU_logo_UK-300x33.jpg\" alt=\"\" width=\"300\" height=\"33\" srcset=\"https:\/\/blogit.itu.dk\/eludamos2022\/wp-content\/uploads\/sites\/108\/2022\/04\/ITU_logo_UK-300x33.jpg 300w, https:\/\/blogit.itu.dk\/eludamos2022\/wp-content\/uploads\/sites\/108\/2022\/04\/ITU_logo_UK-1024x113.jpg 1024w, https:\/\/blogit.itu.dk\/eludamos2022\/wp-content\/uploads\/sites\/108\/2022\/04\/ITU_logo_UK-768x84.jpg 768w, https:\/\/blogit.itu.dk\/eludamos2022\/wp-content\/uploads\/sites\/108\/2022\/04\/ITU_logo_UK-600x66.jpg 600w, https:\/\/blogit.itu.dk\/eludamos2022\/wp-content\/uploads\/sites\/108\/2022\/04\/ITU_logo_UK-1536x169.jpg 1536w, https:\/\/blogit.itu.dk\/eludamos2022\/wp-content\/uploads\/sites\/108\/2022\/04\/ITU_logo_UK-624x69.jpg 624w, https:\/\/blogit.itu.dk\/eludamos2022\/wp-content\/uploads\/sites\/108\/2022\/04\/ITU_logo_UK.jpg 2000w\" sizes=\"(max-width: 300px) 100vw, 300px\" \/><\/p><p>\u00a0<img decoding=\"async\" class=\"alignnone size-medium wp-image-74\" src=\"http:\/\/blogit.itu.dk\/eludamos2022\/wp-content\/uploads\/sites\/108\/2022\/04\/UiBlogo_Eng_gray_left-300x55.png\" alt=\"\" width=\"300\" height=\"55\" srcset=\"https:\/\/blogit.itu.dk\/eludamos2022\/wp-content\/uploads\/sites\/108\/2022\/04\/UiBlogo_Eng_gray_left-300x55.png 300w, https:\/\/blogit.itu.dk\/eludamos2022\/wp-content\/uploads\/sites\/108\/2022\/04\/UiBlogo_Eng_gray_left-1024x189.png 1024w, https:\/\/blogit.itu.dk\/eludamos2022\/wp-content\/uploads\/sites\/108\/2022\/04\/UiBlogo_Eng_gray_left-768x142.png 768w, https:\/\/blogit.itu.dk\/eludamos2022\/wp-content\/uploads\/sites\/108\/2022\/04\/UiBlogo_Eng_gray_left-600x111.png 600w, https:\/\/blogit.itu.dk\/eludamos2022\/wp-content\/uploads\/sites\/108\/2022\/04\/UiBlogo_Eng_gray_left-1536x284.png 1536w, https:\/\/blogit.itu.dk\/eludamos2022\/wp-content\/uploads\/sites\/108\/2022\/04\/UiBlogo_Eng_gray_left-624x115.png 624w, https:\/\/blogit.itu.dk\/eludamos2022\/wp-content\/uploads\/sites\/108\/2022\/04\/UiBlogo_Eng_gray_left.png 1597w\" sizes=\"(max-width: 300px) 100vw, 300px\" \/><\/p><p><img loading=\"lazy\" decoding=\"async\" class=\"alignnone size-medium wp-image-75\" src=\"http:\/\/blogit.itu.dk\/eludamos2022\/wp-content\/uploads\/sites\/108\/2022\/04\/UiT_Logo_Eng_Bla_RGB-300x30.png\" alt=\"\" width=\"300\" height=\"30\" srcset=\"https:\/\/blogit.itu.dk\/eludamos2022\/wp-content\/uploads\/sites\/108\/2022\/04\/UiT_Logo_Eng_Bla_RGB-300x30.png 300w, https:\/\/blogit.itu.dk\/eludamos2022\/wp-content\/uploads\/sites\/108\/2022\/04\/UiT_Logo_Eng_Bla_RGB-1024x104.png 1024w, https:\/\/blogit.itu.dk\/eludamos2022\/wp-content\/uploads\/sites\/108\/2022\/04\/UiT_Logo_Eng_Bla_RGB-768x78.png 768w, https:\/\/blogit.itu.dk\/eludamos2022\/wp-content\/uploads\/sites\/108\/2022\/04\/UiT_Logo_Eng_Bla_RGB-600x61.png 600w, https:\/\/blogit.itu.dk\/eludamos2022\/wp-content\/uploads\/sites\/108\/2022\/04\/UiT_Logo_Eng_Bla_RGB-1536x156.png 1536w, https:\/\/blogit.itu.dk\/eludamos2022\/wp-content\/uploads\/sites\/108\/2022\/04\/UiT_Logo_Eng_Bla_RGB-2048x208.png 2048w, https:\/\/blogit.itu.dk\/eludamos2022\/wp-content\/uploads\/sites\/108\/2022\/04\/UiT_Logo_Eng_Bla_RGB-624x63.png 624w\" sizes=\"(max-width: 300px) 100vw, 300px\" \/><\/p>\t\t\t\t\t\t\t\t<\/div>\n\t\t\t\t<\/div>\n\t\t\t\t\t<\/div>\n\t\t<\/div>\n\t\t\t\t\t<\/div>\n\t\t<\/section>\n\t\t\t\t<\/div>\n\t\t","protected":false},"excerpt":{"rendered":"<p>Welcome to the Eludamos Symposium and Doctoral Consortium: Futures of Games and Game Studies. See the full programme here. Streaming The symposium will be streamed via Zoom Webinar. Join via [&hellip;]<\/p>\n","protected":false},"author":269,"featured_media":0,"parent":0,"menu_order":0,"comment_status":"closed","ping_status":"closed","template":"","meta":{"ngg_post_thumbnail":0,"footnotes":""},"class_list":["post-32","page","type-page","status-publish","hentry"],"_links":{"self":[{"href":"https:\/\/blogit.itu.dk\/eludamos2022\/wp-json\/wp\/v2\/pages\/32","targetHints":{"allow":["GET"]}}],"collection":[{"href":"https:\/\/blogit.itu.dk\/eludamos2022\/wp-json\/wp\/v2\/pages"}],"about":[{"href":"https:\/\/blogit.itu.dk\/eludamos2022\/wp-json\/wp\/v2\/types\/page"}],"author":[{"embeddable":true,"href":"https:\/\/blogit.itu.dk\/eludamos2022\/wp-json\/wp\/v2\/users\/269"}],"replies":[{"embeddable":true,"href":"https:\/\/blogit.itu.dk\/eludamos2022\/wp-json\/wp\/v2\/comments?post=32"}],"version-history":[{"count":25,"href":"https:\/\/blogit.itu.dk\/eludamos2022\/wp-json\/wp\/v2\/pages\/32\/revisions"}],"predecessor-version":[{"id":90,"href":"https:\/\/blogit.itu.dk\/eludamos2022\/wp-json\/wp\/v2\/pages\/32\/revisions\/90"}],"wp:attachment":[{"href":"https:\/\/blogit.itu.dk\/eludamos2022\/wp-json\/wp\/v2\/media?parent=32"}],"curies":[{"name":"wp","href":"https:\/\/api.w.org\/{rel}","templated":true}]}}